{"id":100,"date":"2015-06-17T15:00:15","date_gmt":"2015-06-17T15:00:15","guid":{"rendered":"http:\/\/kltaudit.sk\/?page_id=100"},"modified":"2015-12-11T18:30:55","modified_gmt":"2015-12-11T18:30:55","slug":"uctovne-poradenstvo","status":"publish","type":"page","link":"https:\/\/kltaudit.sk\/en\/uctovne-poradenstvo\/","title":{"rendered":"Accounting consulting"},"content":{"rendered":"<p><\/p>\n<h2><strong>Accounting consulting<\/strong><\/h2>\n<p>&nbsp;<\/p>\n<ul>\n<li>Bookkeeping consulting,<\/li>\n<li>Consulting in solving bookkeeping problems,<\/li>\n<li>Providing consulting in the area of Slovak and international bookkeeping,<\/li>\n<li>Consulting in elaborating internal directives.<\/li>\n<\/ul>\n<p><\/p>","protected":false},"excerpt":{"rendered":"<p>Accounting consulting &nbsp; Bookkeeping consulting, Consulting in solving bookkeeping problems, Providing consulting in the area of Slovak and international bookkeeping, Consulting in elaborating internal directives.<\/p>\n","protected":false},"author":1,"featured_media":0,"parent":0,"menu_order":0,"comment_status":"open","ping_status":"open","template":"","meta":[],"yoast_head":"<!-- This site is optimized with the Yoast SEO plugin v14.9 - https:\/\/yoast.com\/wordpress\/plugins\/seo\/ -->\n<title>\u00da\u010dtovn\u00e9 poradenstvo<\/title>\n<meta name=\"description\" content=\"poradenstvo v oblasti vedenia \u00fa\u010dtovn\u00edctva, poradenstvo pri rie\u0161en\u00ed \u00fa\u010dtovn\u00fdch probl\u00e9mov, poskytovanie poradenstva v oblasti slovensk\u00e9ho a medzin\u00e1rodn\u00e9ho \u00fa\u010dtovn\u00edctva, poradenstvo pri vypracovan\u00ed intern\u00fdch smern\u00edc.\" \/>\n<meta name=\"robots\" content=\"index, follow, max-snippet:-1, max-image-preview:large, max-video-preview:-1\" \/>\n<link rel=\"canonical\" href=\"https:\/\/kltaudit.sk\/uctovne-poradenstvo\/\" \/>\n<meta property=\"og:locale\" content=\"en_US\" \/>\n<meta property=\"og:type\" content=\"article\" \/>\n<meta property=\"og:title\" content=\"\u00da\u010dtovn\u00e9 poradenstvo\" \/>\n<meta property=\"og:description\" content=\"poradenstvo v oblasti vedenia \u00fa\u010dtovn\u00edctva, poradenstvo pri rie\u0161en\u00ed \u00fa\u010dtovn\u00fdch probl\u00e9mov, poskytovanie poradenstva v oblasti slovensk\u00e9ho a medzin\u00e1rodn\u00e9ho \u00fa\u010dtovn\u00edctva, poradenstvo pri vypracovan\u00ed intern\u00fdch smern\u00edc.\" \/>\n<meta property=\"og:url\" content=\"https:\/\/kltaudit.sk\/uctovne-poradenstvo\/\" \/>\n<meta property=\"og:site_name\" content=\"KLT AUDIT, spol. s r. o.\" \/>\n<meta property=\"article:publisher\" content=\"https:\/\/www.facebook.com\/KLTAUDIT\/\" \/>\n<meta property=\"article:modified_time\" content=\"2015-12-11T18:30:55+00:00\" \/>\n<meta property=\"fb:app_id\" content=\"927372147335844\" \/>\n<meta name=\"twitter:card\" content=\"summary\" \/>\n<script type=\"application\/ld+json\" class=\"yoast-schema-graph\">{\"@context\":\"https:\/\/schema.org\",\"@graph\":[{\"@type\":\"Organization\",\"@id\":\"https:\/\/kltaudit.sk\/en\/#organization\",\"name\":\"KLT AUDIT, spol. s r. o.\",\"url\":\"https:\/\/kltaudit.sk\/en\/\",\"sameAs\":[\"https:\/\/www.facebook.com\/KLTAUDIT\/\",\"https:\/\/www.linkedin.com\/company\/klt-audit-spol--s-r--o-\"],\"logo\":{\"@type\":\"ImageObject\",\"@id\":\"https:\/\/kltaudit.sk\/en\/#logo\",\"inLanguage\":\"en-US\",\"url\":\"https:\/\/kltaudit.sk\/wp-content\/uploads\/2015\/12\/logo.png\",\"width\":221,\"height\":32,\"caption\":\"KLT AUDIT, spol. s r. o.\"},\"image\":{\"@id\":\"https:\/\/kltaudit.sk\/en\/#logo\"}},{\"@type\":\"WebSite\",\"@id\":\"https:\/\/kltaudit.sk\/en\/#website\",\"url\":\"https:\/\/kltaudit.sk\/en\/\",\"name\":\"KLT AUDIT, spol. s r. o.\",\"description\":\"Najd\\u00f4le\\u017eitej\\u0161ia je kvalita a \\u00faspora V\\u00e1\\u0161ho \\u010dasu!\",\"publisher\":{\"@id\":\"https:\/\/kltaudit.sk\/en\/#organization\"},\"potentialAction\":[{\"@type\":\"SearchAction\",\"target\":\"https:\/\/kltaudit.sk\/en\/?s={search_term_string}\",\"query-input\":\"required name=search_term_string\"}],\"inLanguage\":\"en-US\"},{\"@type\":\"WebPage\",\"@id\":\"https:\/\/kltaudit.sk\/uctovne-poradenstvo\/#webpage\",\"url\":\"https:\/\/kltaudit.sk\/uctovne-poradenstvo\/\",\"name\":\"\\u00da\\u010dtovn\\u00e9 poradenstvo\",\"isPartOf\":{\"@id\":\"https:\/\/kltaudit.sk\/en\/#website\"},\"datePublished\":\"2015-06-17T15:00:15+00:00\",\"dateModified\":\"2015-12-11T18:30:55+00:00\",\"description\":\"poradenstvo v oblasti vedenia \\u00fa\\u010dtovn\\u00edctva, poradenstvo pri rie\\u0161en\\u00ed \\u00fa\\u010dtovn\\u00fdch probl\\u00e9mov, poskytovanie poradenstva v oblasti slovensk\\u00e9ho a medzin\\u00e1rodn\\u00e9ho \\u00fa\\u010dtovn\\u00edctva, poradenstvo pri vypracovan\\u00ed intern\\u00fdch smern\\u00edc.\",\"inLanguage\":\"en-US\",\"potentialAction\":[{\"@type\":\"ReadAction\",\"target\":[\"https:\/\/kltaudit.sk\/uctovne-poradenstvo\/\"]}]}]}<\/script>\n<!-- \/ Yoast SEO plugin. -->","_links":{"self":[{"href":"https:\/\/kltaudit.sk\/en\/wp-json\/wp\/v2\/pages\/100"}],"collection":[{"href":"https:\/\/kltaudit.sk\/en\/wp-json\/wp\/v2\/pages"}],"about":[{"href":"https:\/\/kltaudit.sk\/en\/wp-json\/wp\/v2\/types\/page"}],"author":[{"embeddable":true,"href":"https:\/\/kltaudit.sk\/en\/wp-json\/wp\/v2\/users\/1"}],"replies":[{"embeddable":true,"href":"https:\/\/kltaudit.sk\/en\/wp-json\/wp\/v2\/comments?post=100"}],"version-history":[{"count":7,"href":"https:\/\/kltaudit.sk\/en\/wp-json\/wp\/v2\/pages\/100\/revisions"}],"predecessor-version":[{"id":7547,"href":"https:\/\/kltaudit.sk\/en\/wp-json\/wp\/v2\/pages\/100\/revisions\/7547"}],"wp:attachment":[{"href":"https:\/\/kltaudit.sk\/en\/wp-json\/wp\/v2\/media?parent=100"}],"curies":[{"name":"wp","href":"https:\/\/api.w.org\/{rel}","templated":true}]}}