{"id":102,"date":"2015-06-17T15:00:25","date_gmt":"2015-06-17T15:00:25","guid":{"rendered":"http:\/\/kltaudit.sk\/?page_id=102"},"modified":"2015-12-11T18:32:52","modified_gmt":"2015-12-11T18:32:52","slug":"ekonomicke-a-podnikatelske-poradenstvo","status":"publish","type":"page","link":"https:\/\/kltaudit.sk\/en\/ekonomicke-a-podnikatelske-poradenstvo\/","title":{"rendered":"Economic and business consulting"},"content":{"rendered":"<p><\/p>\n<h2><strong>Economic and business consulting<\/strong><\/h2>\n<p>&nbsp;<\/p>\n<ul>\n<li>Elaborating financial analyses and identifying strong and weak features, giving recommendations for the optimization of a company&#8217;s financial situation,<\/li>\n<li>Elaborating complex economic analyses {due diligence},<\/li>\n<li>Elaborating business intentions,<\/li>\n<li>Providing business consulting,<\/li>\n<li>Cooperation with experts in the evaluation and rating of enterprises,<\/li>\n<li>Consulting in the implementation or improvement of internal control systems,<\/li>\n<li>Assistance in the establishment and registration of enterprises in Slovakia.<\/li>\n<\/ul>\n<p><\/p>","protected":false},"excerpt":{"rendered":"<p>Economic and business consulting &nbsp; Elaborating financial analyses and identifying strong and weak features, giving recommendations for the optimization of a company&#8217;s financial situation, Elaborating complex economic analyses {due diligence}, Elaborating business intentions, Providing business consulting, Cooperation with experts in the evaluation and rating of enterprises, Consulting in the implementation or improvement of internal control [&hellip;]<\/p>\n","protected":false},"author":1,"featured_media":0,"parent":0,"menu_order":0,"comment_status":"open","ping_status":"open","template":"","meta":[],"yoast_head":"<!-- This site is optimized with the Yoast SEO plugin v14.9 - https:\/\/yoast.com\/wordpress\/plugins\/seo\/ -->\n<title>Ekonomick\u00e9 a podnikate\u013esk\u00e9 poradenstvo<\/title>\n<meta name=\"description\" content=\"vypracovanie finan\u010dn\u00fdch anal\u00fdz a identifik\u00e1cia siln\u00fdch a slab\u00fdch str\u00e1nok, odpor\u00fa\u010dania na optimaliz\u00e1ciu finan\u010dnej situ\u00e1cie spolo\u010dnosti, ...\" \/>\n<meta name=\"robots\" content=\"index, follow, max-snippet:-1, max-image-preview:large, max-video-preview:-1\" \/>\n<link rel=\"canonical\" href=\"https:\/\/kltaudit.sk\/en\/ekonomicke-a-podnikatelske-poradenstvo\/\" \/>\n<meta property=\"og:locale\" content=\"en_US\" \/>\n<meta property=\"og:type\" content=\"article\" \/>\n<meta property=\"og:title\" content=\"Ekonomick\u00e9 a podnikate\u013esk\u00e9 poradenstvo\" \/>\n<meta property=\"og:description\" content=\"vypracovanie finan\u010dn\u00fdch anal\u00fdz a identifik\u00e1cia siln\u00fdch a slab\u00fdch str\u00e1nok, odpor\u00fa\u010dania na optimaliz\u00e1ciu finan\u010dnej situ\u00e1cie spolo\u010dnosti, ...\" \/>\n<meta property=\"og:url\" content=\"https:\/\/kltaudit.sk\/en\/ekonomicke-a-podnikatelske-poradenstvo\/\" \/>\n<meta property=\"og:site_name\" content=\"KLT AUDIT, spol. s r. o.\" \/>\n<meta property=\"article:publisher\" content=\"https:\/\/www.facebook.com\/KLTAUDIT\/\" \/>\n<meta property=\"article:modified_time\" content=\"2015-12-11T18:32:52+00:00\" \/>\n<meta property=\"fb:app_id\" content=\"927372147335844\" \/>\n<meta name=\"twitter:card\" content=\"summary\" \/>\n<script type=\"application\/ld+json\" class=\"yoast-schema-graph\">{\"@context\":\"https:\/\/schema.org\",\"@graph\":[{\"@type\":\"Organization\",\"@id\":\"https:\/\/kltaudit.sk\/en\/#organization\",\"name\":\"KLT AUDIT, spol. s r. o.\",\"url\":\"https:\/\/kltaudit.sk\/en\/\",\"sameAs\":[\"https:\/\/www.facebook.com\/KLTAUDIT\/\",\"https:\/\/www.linkedin.com\/company\/klt-audit-spol--s-r--o-\"],\"logo\":{\"@type\":\"ImageObject\",\"@id\":\"https:\/\/kltaudit.sk\/en\/#logo\",\"inLanguage\":\"en-US\",\"url\":\"https:\/\/kltaudit.sk\/wp-content\/uploads\/2015\/12\/logo.png\",\"width\":221,\"height\":32,\"caption\":\"KLT AUDIT, spol. s r. o.\"},\"image\":{\"@id\":\"https:\/\/kltaudit.sk\/en\/#logo\"}},{\"@type\":\"WebSite\",\"@id\":\"https:\/\/kltaudit.sk\/en\/#website\",\"url\":\"https:\/\/kltaudit.sk\/en\/\",\"name\":\"KLT AUDIT, spol. s r. o.\",\"description\":\"Najd\\u00f4le\\u017eitej\\u0161ia je kvalita a \\u00faspora V\\u00e1\\u0161ho \\u010dasu!\",\"publisher\":{\"@id\":\"https:\/\/kltaudit.sk\/en\/#organization\"},\"potentialAction\":[{\"@type\":\"SearchAction\",\"target\":\"https:\/\/kltaudit.sk\/en\/?s={search_term_string}\",\"query-input\":\"required name=search_term_string\"}],\"inLanguage\":\"en-US\"},{\"@type\":\"WebPage\",\"@id\":\"https:\/\/kltaudit.sk\/en\/ekonomicke-a-podnikatelske-poradenstvo\/#webpage\",\"url\":\"https:\/\/kltaudit.sk\/en\/ekonomicke-a-podnikatelske-poradenstvo\/\",\"name\":\"Ekonomick\\u00e9 a podnikate\\u013esk\\u00e9 poradenstvo\",\"isPartOf\":{\"@id\":\"https:\/\/kltaudit.sk\/en\/#website\"},\"datePublished\":\"2015-06-17T15:00:25+00:00\",\"dateModified\":\"2015-12-11T18:32:52+00:00\",\"description\":\"vypracovanie finan\\u010dn\\u00fdch anal\\u00fdz a identifik\\u00e1cia siln\\u00fdch a slab\\u00fdch str\\u00e1nok, odpor\\u00fa\\u010dania na optimaliz\\u00e1ciu finan\\u010dnej situ\\u00e1cie spolo\\u010dnosti, ...\",\"inLanguage\":\"en-US\",\"potentialAction\":[{\"@type\":\"ReadAction\",\"target\":[\"https:\/\/kltaudit.sk\/en\/ekonomicke-a-podnikatelske-poradenstvo\/\"]}]}]}<\/script>\n<!-- \/ Yoast SEO plugin. -->","_links":{"self":[{"href":"https:\/\/kltaudit.sk\/en\/wp-json\/wp\/v2\/pages\/102"}],"collection":[{"href":"https:\/\/kltaudit.sk\/en\/wp-json\/wp\/v2\/pages"}],"about":[{"href":"https:\/\/kltaudit.sk\/en\/wp-json\/wp\/v2\/types\/page"}],"author":[{"embeddable":true,"href":"https:\/\/kltaudit.sk\/en\/wp-json\/wp\/v2\/users\/1"}],"replies":[{"embeddable":true,"href":"https:\/\/kltaudit.sk\/en\/wp-json\/wp\/v2\/comments?post=102"}],"version-history":[{"count":5,"href":"https:\/\/kltaudit.sk\/en\/wp-json\/wp\/v2\/pages\/102\/revisions"}],"predecessor-version":[{"id":7548,"href":"https:\/\/kltaudit.sk\/en\/wp-json\/wp\/v2\/pages\/102\/revisions\/7548"}],"wp:attachment":[{"href":"https:\/\/kltaudit.sk\/en\/wp-json\/wp\/v2\/media?parent=102"}],"curies":[{"name":"wp","href":"https:\/\/api.w.org\/{rel}","templated":true}]}}