{"id":25,"date":"2015-06-11T11:55:03","date_gmt":"2015-06-11T11:55:03","guid":{"rendered":"http:\/\/kltaudit.sk\/?page_id=25"},"modified":"2015-12-11T18:27:45","modified_gmt":"2015-12-11T18:27:45","slug":"uctovnictvo","status":"publish","type":"page","link":"https:\/\/kltaudit.sk\/en\/uctovnictvo\/","title":{"rendered":"Accounting"},"content":{"rendered":"<p>We consider accounting not only as a statutory obligation, but we also comprehend it as an important source of information for a company&#8217;s management. We solve questions related to bookkeeping and payrolls with flexibility and in accordance with the applicable legislation with respect to the interest of our clients.<\/p>\n<p>&nbsp;<\/p>\n<p>In providing external accounting, KLT AUDIT offers you the following services:<\/p>\n<p>&nbsp;<\/p>\n<p>&nbsp;<\/p>\n<ul>\n<li>Providing single or double entry bookkeeping,<\/li>\n<li>Elaborating financial statements in accordance with the Act on Accounting and Accounting Procedures,<\/li>\n<li>Transforming financial statements in accordance with IAS\/IFRS,<\/li>\n<li>Bookkeeping implementation of a newly-established company and proposal of appropriate bookkeeping procedures,<\/li>\n<li>Elaborating internal bookkeeping directives,<\/li>\n<li>Keeping VAT records and elaborating VAT returns,<\/li>\n<li>Preparing materials for income tax returns,<\/li>\n<li>Elaborating statistical reports,<\/li>\n<li>Electronic communication with state institutions on behalf of the client,<\/li>\n<li>Assistance and help in the processing of accounting documents, contracts, minutes, business correspondence, registration of journeys of motor vehicles and travel orders,<\/li>\n<li>External processing of payrolls and human resources.<\/li>\n<\/ul>\n<p><\/p>","protected":false},"excerpt":{"rendered":"<p>We consider accounting not only as a statutory obligation, but we also comprehend it as an important source of information for a company&#8217;s management. We solve questions related to bookkeeping and payrolls with flexibility and in accordance with the applicable legislation with respect to the interest of our clients. &nbsp; In providing external accounting, KLT [&hellip;]<\/p>\n","protected":false},"author":1,"featured_media":0,"parent":0,"menu_order":0,"comment_status":"open","ping_status":"open","template":"","meta":[],"yoast_head":"<!-- This site is optimized with the Yoast SEO plugin v14.9 - https:\/\/yoast.com\/wordpress\/plugins\/seo\/ -->\n<title>\u00da\u010dtovn\u00edctvo<\/title>\n<meta name=\"description\" content=\"Spracovanie \u00fa\u010dtovn\u00edctva nevn\u00edmame iba ako \u0161tatut\u00e1rnu povinnos\u0165, ale vid\u00edme v \u0148om d\u00f4le\u017eit\u00fd zdroj inform\u00e1ci\u00ed pre vedenie spolo\u010dnosti. Pri rie\u0161en\u00ed ot\u00e1zok s\u00favisiacich s veden\u00edm \u00fa\u010dtovn\u00edctva a spracovan\u00edm mzdovej problematiky postupujeme flexibilne v s\u00falade s platnou legislat\u00edvou a s oh\u013eadom na z\u00e1ujmy na\u0161ich klientov.\" \/>\n<meta name=\"robots\" content=\"index, follow, max-snippet:-1, max-image-preview:large, max-video-preview:-1\" \/>\n<link rel=\"canonical\" href=\"https:\/\/kltaudit.sk\/uctovnictvo\/\" \/>\n<meta property=\"og:locale\" content=\"en_US\" \/>\n<meta property=\"og:type\" content=\"article\" \/>\n<meta property=\"og:title\" content=\"\u00da\u010dtovn\u00edctvo\" \/>\n<meta property=\"og:description\" content=\"Spracovanie \u00fa\u010dtovn\u00edctva nevn\u00edmame iba ako \u0161tatut\u00e1rnu povinnos\u0165, ale vid\u00edme v \u0148om d\u00f4le\u017eit\u00fd zdroj inform\u00e1ci\u00ed pre vedenie spolo\u010dnosti. Pri rie\u0161en\u00ed ot\u00e1zok s\u00favisiacich s veden\u00edm \u00fa\u010dtovn\u00edctva a spracovan\u00edm mzdovej problematiky postupujeme flexibilne v s\u00falade s platnou legislat\u00edvou a s oh\u013eadom na z\u00e1ujmy na\u0161ich klientov.\" \/>\n<meta property=\"og:url\" content=\"https:\/\/kltaudit.sk\/uctovnictvo\/\" \/>\n<meta property=\"og:site_name\" content=\"KLT AUDIT, spol. s r. o.\" \/>\n<meta property=\"article:publisher\" content=\"https:\/\/www.facebook.com\/KLTAUDIT\/\" \/>\n<meta property=\"article:modified_time\" content=\"2015-12-11T18:27:45+00:00\" \/>\n<meta property=\"fb:app_id\" content=\"927372147335844\" \/>\n<meta name=\"twitter:card\" content=\"summary\" \/>\n<script type=\"application\/ld+json\" class=\"yoast-schema-graph\">{\"@context\":\"https:\/\/schema.org\",\"@graph\":[{\"@type\":\"Organization\",\"@id\":\"https:\/\/kltaudit.sk\/en\/#organization\",\"name\":\"KLT AUDIT, spol. s r. o.\",\"url\":\"https:\/\/kltaudit.sk\/en\/\",\"sameAs\":[\"https:\/\/www.facebook.com\/KLTAUDIT\/\",\"https:\/\/www.linkedin.com\/company\/klt-audit-spol--s-r--o-\"],\"logo\":{\"@type\":\"ImageObject\",\"@id\":\"https:\/\/kltaudit.sk\/en\/#logo\",\"inLanguage\":\"en-US\",\"url\":\"https:\/\/kltaudit.sk\/wp-content\/uploads\/2015\/12\/logo.png\",\"width\":221,\"height\":32,\"caption\":\"KLT AUDIT, spol. s r. o.\"},\"image\":{\"@id\":\"https:\/\/kltaudit.sk\/en\/#logo\"}},{\"@type\":\"WebSite\",\"@id\":\"https:\/\/kltaudit.sk\/en\/#website\",\"url\":\"https:\/\/kltaudit.sk\/en\/\",\"name\":\"KLT AUDIT, spol. s r. o.\",\"description\":\"Najd\\u00f4le\\u017eitej\\u0161ia je kvalita a \\u00faspora V\\u00e1\\u0161ho \\u010dasu!\",\"publisher\":{\"@id\":\"https:\/\/kltaudit.sk\/en\/#organization\"},\"potentialAction\":[{\"@type\":\"SearchAction\",\"target\":\"https:\/\/kltaudit.sk\/en\/?s={search_term_string}\",\"query-input\":\"required name=search_term_string\"}],\"inLanguage\":\"en-US\"},{\"@type\":\"WebPage\",\"@id\":\"https:\/\/kltaudit.sk\/uctovnictvo\/#webpage\",\"url\":\"https:\/\/kltaudit.sk\/uctovnictvo\/\",\"name\":\"\\u00da\\u010dtovn\\u00edctvo\",\"isPartOf\":{\"@id\":\"https:\/\/kltaudit.sk\/en\/#website\"},\"datePublished\":\"2015-06-11T11:55:03+00:00\",\"dateModified\":\"2015-12-11T18:27:45+00:00\",\"description\":\"Spracovanie \\u00fa\\u010dtovn\\u00edctva nevn\\u00edmame iba ako \\u0161tatut\\u00e1rnu povinnos\\u0165, ale vid\\u00edme v \\u0148om d\\u00f4le\\u017eit\\u00fd zdroj inform\\u00e1ci\\u00ed pre vedenie spolo\\u010dnosti. Pri rie\\u0161en\\u00ed ot\\u00e1zok s\\u00favisiacich s veden\\u00edm \\u00fa\\u010dtovn\\u00edctva a spracovan\\u00edm mzdovej problematiky postupujeme flexibilne v s\\u00falade s platnou legislat\\u00edvou a s oh\\u013eadom na z\\u00e1ujmy na\\u0161ich klientov.\",\"inLanguage\":\"en-US\",\"potentialAction\":[{\"@type\":\"ReadAction\",\"target\":[\"https:\/\/kltaudit.sk\/uctovnictvo\/\"]}]}]}<\/script>\n<!-- \/ Yoast SEO plugin. -->","_links":{"self":[{"href":"https:\/\/kltaudit.sk\/en\/wp-json\/wp\/v2\/pages\/25"}],"collection":[{"href":"https:\/\/kltaudit.sk\/en\/wp-json\/wp\/v2\/pages"}],"about":[{"href":"https:\/\/kltaudit.sk\/en\/wp-json\/wp\/v2\/types\/page"}],"author":[{"embeddable":true,"href":"https:\/\/kltaudit.sk\/en\/wp-json\/wp\/v2\/users\/1"}],"replies":[{"embeddable":true,"href":"https:\/\/kltaudit.sk\/en\/wp-json\/wp\/v2\/comments?post=25"}],"version-history":[{"count":5,"href":"https:\/\/kltaudit.sk\/en\/wp-json\/wp\/v2\/pages\/25\/revisions"}],"predecessor-version":[{"id":7536,"href":"https:\/\/kltaudit.sk\/en\/wp-json\/wp\/v2\/pages\/25\/revisions\/7536"}],"wp:attachment":[{"href":"https:\/\/kltaudit.sk\/en\/wp-json\/wp\/v2\/media?parent=25"}],"curies":[{"name":"wp","href":"https:\/\/api.w.org\/{rel}","templated":true}]}}