{"id":5,"date":"2015-06-11T08:38:36","date_gmt":"2015-06-11T08:38:36","guid":{"rendered":"http:\/\/kltaudit.sk\/?page_id=5"},"modified":"2025-02-10T09:53:09","modified_gmt":"2025-02-10T09:53:09","slug":"klt-audit-2","status":"publish","type":"page","link":"https:\/\/kltaudit.sk\/en\/","title":{"rendered":"KLT AUDIT, spol. s r. o."},"content":{"rendered":"<p><\/p>\n<section class=\"ponuka text-center\">\n<div class=\"container\">\n<h1>SERVICES<\/h1>\n<div class=\"row\">\n<div class=\"col-sm-4\">\n<div class=\"ponuka-1 ponuks\"><a href=\"\/audit\/\"><span>Audit<\/span><\/a><\/div>\n<\/div>\n<div class=\"col-sm-4\">\n<div class=\"ponuka-1 ponuks\"><a href=\"\/uctovnictvo\/\"><span>Accounting<\/span><\/a><\/div>\n<\/div>\n<div class=\"col-sm-4\">\n<div class=\"ponuka-1 ponuks\"><a href=\"\/poradenstvo\/\"><span>Consulting<\/span><\/a><\/div>\n<\/div>\n<\/div>\n<\/div>\n<\/section>\n<section class=\"aboutblock\">\n<div class=\"container\">\n<div class=\"row\">\n<div class=\"col-sm-8 col-sm-offset-2 col-xs-12 text-center\">\n<h2>about our company<\/h2>\n<p>KLT AUDIT, as one of the leading Slovak auditing and consulting companies, will help you handle challenges in economics, bookkeeping and taxation at a high professional level using modern procedures, knowledge and more than fifteen years of experience.<\/p>\n<p>The client&#8217;s needs and our efforts to build trust based on high professionalism, reliability, humanity and willingness to help represent, for the second decade, the focus of our interest and utmost attention.<\/p>\n<div class=\"aboutblock-more\"><a class=\"read-more\" href=\"\/kto-sme\/\">more<\/a><\/div>\n<\/div>\n<\/div>\n<\/div>\n<\/section>\n<section class=\"zaujm ponuka text-center\">\n<div class=\"container\">\n<h2>YOU WILL BE INTERESTED IN<\/h2>\n<div class=\"row\">\n<div class=\"col-sm-4\"><div id=\"slider-button\" class=\"carousel slide slider-button\" data-ride=\"carousel\" data-interval=\"2000\"><ol class=\"carousel-indicators\"><li data-target=\"#slider-button\" data-slide-to=\"0\" class=\"active\"><\/li><li data-target=\"#slider-button\" data-slide-to=\"1\" ><\/li><li data-target=\"#slider-button\" data-slide-to=\"2\" ><\/li><li data-target=\"#slider-button\" data-slide-to=\"3\" ><\/li><li data-target=\"#slider-button\" data-slide-to=\"4\" ><\/li><li data-target=\"#slider-button\" data-slide-to=\"5\" ><\/li><li data-target=\"#slider-button\" data-slide-to=\"6\" ><\/li><li data-target=\"#slider-button\" data-slide-to=\"7\" ><\/li><li data-target=\"#slider-button\" data-slide-to=\"8\" ><\/li><li data-target=\"#slider-button\" data-slide-to=\"9\" ><\/li><li data-target=\"#slider-button\" data-slide-to=\"10\" ><\/li><li data-target=\"#slider-button\" data-slide-to=\"11\" ><\/li><li data-target=\"#slider-button\" data-slide-to=\"12\" ><\/li><li data-target=\"#slider-button\" data-slide-to=\"13\" ><\/li><li data-target=\"#slider-button\" data-slide-to=\"14\" ><\/li><\/ol><div class=\"carousel-inner\"><div class=\"item active\"><div class=\"ponuka-1 ponuks\"><a href=\"\/predpisy-v-oblasti-uctovnictva\/\"><span>Accounting<\/span><\/a><\/div><\/div><div class=\"item \"><div class=\"ponuka-2 ponuks\"><a href=\"\/danove-informacie-a-novinky\/\"><span>Tax Information<br>and News<\/span><\/a><\/div><\/div><div class=\"item \"><div class=\"ponuka-2 ponuks\"><a href=\"\/dan-z-prijmu\/\"><span>Income<br>Tax<\/span><\/a><\/div><\/div><div class=\"item \"><div class=\"ponuka-2 ponuks\"><a href=\"\/dan-z-pridanej-hodnoty\/\"><span class=\"three-lines\">Value<br>Added Tax<\/span><\/a><\/div><\/div><div class=\"item \"><div class=\"ponuka-1 ponuks\"><a href=\"\/spotrebne-dane\/\"><span>Excise duties<\/span><\/a><\/div><\/div><div class=\"item \"><div class=\"ponuka-2 ponuks\"><a href=\"\/miestne-dane-a-poplatky\/\"><span>Local taxes<br>and fees<\/span><\/a><\/div><\/div><div class=\"item \"><div class=\"ponuka-2 ponuks\"><a href=\"\/procesne-pravne-predpisy\/\"><span>Procedural<br>rules<\/span><\/a><\/div><\/div><div class=\"item \"><div class=\"ponuka-2 ponuks\"><a href=\"\/ostatne-predpisy-suvisiace-s-danami\/\"><span class=\"three-lines\">Other<br>regulations<\/span><\/a><\/div><\/div><div class=\"item \"><div class=\"ponuka-2 ponuks\"><a href=\"\/colne-predpisy\/\"><span>Custom<br>regulations<\/span><\/a><\/div><\/div><div class=\"item \"><div class=\"ponuka-2 ponuks\"><a href=\"\/predpisy-v-socialnej-a-zdravotnej-oblasti\/\"><span class=\"three-lines\">Social and<br>health areas<\/span><\/a><\/div><\/div><div class=\"item \"><div class=\"ponuka-1 ponuks\"><a href=\"\/ceny\/\"><span>Prices<\/span><\/a><\/div><\/div><div class=\"item \"><div class=\"ponuka-2 ponuks\"><a href=\"\/predpisy-v-oblasti-bankovnictva-a-poistovnictva\/\"><span>Banking and<br>insurance areas<\/span><\/a><\/div><\/div><div class=\"item \"><div class=\"ponuka-2 ponuks\"><a href=\"\/predpisy-v-statnej-a-verejnej-oblasti\/\"><span>State and<br>public areas<\/span><\/a><\/div><\/div><div class=\"item \"><div class=\"ponuka-2 ponuks\"><a href=\"\/predpisy-v-oblasti-stavebnictva\/\"><span>Area of<br>construction<\/span><\/a><\/div><\/div><div class=\"item \"><div class=\"ponuka-2 ponuks\"><a href=\"\/dalsie-dolezite-pravne-predpisy\/\"><span>Other important<br>regulations<\/span><\/a><\/div><\/div><\/div><a class=\"left carousel-control\" href=\"#slider-button\" role=\"button\" data-slide=\"prev\"><span class=\"glyphicon glyphicon-chevron-left\">&#10092<\/span><\/a><a class=\"right carousel-control\" href=\"#slider-button\" role=\"button\" data-slide=\"next\"><span class=\"glyphicon glyphicon-chevron-right\">&#10093<\/span><\/a><\/div><\/div>\n<div class=\"col-sm-4\">\n<div class=\"ponuka-2 ponuks\"><a href=\"\/zaujalo-nas\/\"><span>We were<br \/>interested in<\/span><\/a><\/div>\n<\/div>\n<div class=\"col-sm-4\">\n<div class=\"ponuka-1 ponuks\"><a href=\"\/uzitocne-linky\/\"><span>USEFUL LINKS<\/span><\/a><\/div>\n<\/div>\n<\/div>\n<\/div>\n<\/section>\n<p><\/p>","protected":false},"excerpt":{"rendered":"<p>SERVICES Audit Accounting Consulting about our company KLT AUDIT, as one of the leading Slovak auditing and consulting companies, will help you handle challenges in economics, bookkeeping and taxation at a high professional level using modern procedures, knowledge and more than fifteen years of experience. The client&#8217;s needs and our efforts to build trust based [&hellip;]<\/p>\n","protected":false},"author":1,"featured_media":0,"parent":0,"menu_order":0,"comment_status":"open","ping_status":"open","template":"","meta":[],"yoast_head":"<!-- This site is optimized with the Yoast SEO plugin v14.9 - https:\/\/yoast.com\/wordpress\/plugins\/seo\/ -->\n<title>KLT AUDIT, spol. s r. o. | Najd\u00f4le\u017eitej\u0161ia je kvalita a \u00faspora V\u00e1\u0161ho \u010dasu!<\/title>\n<meta name=\"description\" content=\"KLT AUDIT, ako jedna z popredn\u00fdch slovensk\u00fdch aud\u00edtorsk\u00fdch a poradensk\u00fdch spolo\u010dnost\u00ed V\u00e1m vyu\u017eit\u00edm modern\u00fdch postupov, poznatkov a viac ako p\u00e4tn\u00e1s\u0165ro\u010dn\u00fdch sk\u00fasenost\u00ed pom\u00f4\u017ee zvl\u00e1dnu\u0165 n\u00e1ro\u010dn\u00e9 \u00falohy v oblasti ekonomiky, \u00fa\u010dtovn\u00edctva a dan\u00ed na vysokej odbornej \u00farovni.\" \/>\n<meta name=\"robots\" content=\"index, follow, max-snippet:-1, max-image-preview:large, max-video-preview:-1\" \/>\n<link rel=\"canonical\" href=\"http:\/\/kltaudit.sk\/\" \/>\n<meta property=\"og:locale\" content=\"en_US\" \/>\n<meta property=\"og:type\" content=\"article\" \/>\n<meta property=\"og:title\" content=\"KLT AUDIT, spol. s r. o. | Najd\u00f4le\u017eitej\u0161ia je kvalita a \u00faspora V\u00e1\u0161ho \u010dasu!\" \/>\n<meta property=\"og:description\" content=\"KLT AUDIT, ako jedna z popredn\u00fdch slovensk\u00fdch aud\u00edtorsk\u00fdch a poradensk\u00fdch spolo\u010dnost\u00ed V\u00e1m vyu\u017eit\u00edm modern\u00fdch postupov, poznatkov a viac ako p\u00e4tn\u00e1s\u0165ro\u010dn\u00fdch sk\u00fasenost\u00ed pom\u00f4\u017ee zvl\u00e1dnu\u0165 n\u00e1ro\u010dn\u00e9 \u00falohy v oblasti ekonomiky, \u00fa\u010dtovn\u00edctva a dan\u00ed na vysokej odbornej \u00farovni.\" \/>\n<meta property=\"og:url\" content=\"http:\/\/kltaudit.sk\/\" \/>\n<meta property=\"og:site_name\" content=\"KLT AUDIT, spol. s r. o.\" \/>\n<meta property=\"article:publisher\" content=\"https:\/\/www.facebook.com\/KLTAUDIT\/\" \/>\n<meta property=\"article:modified_time\" content=\"2025-02-10T09:53:09+00:00\" \/>\n<meta property=\"fb:app_id\" content=\"927372147335844\" \/>\n<meta name=\"twitter:card\" content=\"summary\" \/>\n<script type=\"application\/ld+json\" class=\"yoast-schema-graph\">{\"@context\":\"https:\/\/schema.org\",\"@graph\":[{\"@type\":\"Organization\",\"@id\":\"https:\/\/kltaudit.sk\/en\/#organization\",\"name\":\"KLT AUDIT, spol. s r. o.\",\"url\":\"https:\/\/kltaudit.sk\/en\/\",\"sameAs\":[\"https:\/\/www.facebook.com\/KLTAUDIT\/\",\"https:\/\/www.linkedin.com\/company\/klt-audit-spol--s-r--o-\"],\"logo\":{\"@type\":\"ImageObject\",\"@id\":\"https:\/\/kltaudit.sk\/en\/#logo\",\"inLanguage\":\"en-US\",\"url\":\"https:\/\/kltaudit.sk\/wp-content\/uploads\/2015\/12\/logo.png\",\"width\":221,\"height\":32,\"caption\":\"KLT AUDIT, spol. s r. o.\"},\"image\":{\"@id\":\"https:\/\/kltaudit.sk\/en\/#logo\"}},{\"@type\":\"WebSite\",\"@id\":\"https:\/\/kltaudit.sk\/en\/#website\",\"url\":\"https:\/\/kltaudit.sk\/en\/\",\"name\":\"KLT AUDIT, spol. s r. o.\",\"description\":\"Najd\\u00f4le\\u017eitej\\u0161ia je kvalita a \\u00faspora V\\u00e1\\u0161ho \\u010dasu!\",\"publisher\":{\"@id\":\"https:\/\/kltaudit.sk\/en\/#organization\"},\"potentialAction\":[{\"@type\":\"SearchAction\",\"target\":\"https:\/\/kltaudit.sk\/en\/?s={search_term_string}\",\"query-input\":\"required name=search_term_string\"}],\"inLanguage\":\"en-US\"},{\"@type\":\"WebPage\",\"@id\":\"http:\/\/kltaudit.sk\/#webpage\",\"url\":\"http:\/\/kltaudit.sk\/\",\"name\":\"KLT AUDIT, spol. s r. o. | Najd\\u00f4le\\u017eitej\\u0161ia je kvalita a \\u00faspora V\\u00e1\\u0161ho \\u010dasu!\",\"isPartOf\":{\"@id\":\"https:\/\/kltaudit.sk\/en\/#website\"},\"datePublished\":\"2015-06-11T08:38:36+00:00\",\"dateModified\":\"2025-02-10T09:53:09+00:00\",\"description\":\"KLT AUDIT, ako jedna z popredn\\u00fdch slovensk\\u00fdch aud\\u00edtorsk\\u00fdch a poradensk\\u00fdch spolo\\u010dnost\\u00ed V\\u00e1m vyu\\u017eit\\u00edm modern\\u00fdch postupov, poznatkov a viac ako p\\u00e4tn\\u00e1s\\u0165ro\\u010dn\\u00fdch sk\\u00fasenost\\u00ed pom\\u00f4\\u017ee zvl\\u00e1dnu\\u0165 n\\u00e1ro\\u010dn\\u00e9 \\u00falohy v oblasti ekonomiky, \\u00fa\\u010dtovn\\u00edctva a dan\\u00ed na vysokej odbornej \\u00farovni.\",\"inLanguage\":\"en-US\",\"potentialAction\":[{\"@type\":\"ReadAction\",\"target\":[\"http:\/\/kltaudit.sk\/\"]}]}]}<\/script>\n<!-- \/ Yoast SEO plugin. -->","_links":{"self":[{"href":"https:\/\/kltaudit.sk\/en\/wp-json\/wp\/v2\/pages\/5"}],"collection":[{"href":"https:\/\/kltaudit.sk\/en\/wp-json\/wp\/v2\/pages"}],"about":[{"href":"https:\/\/kltaudit.sk\/en\/wp-json\/wp\/v2\/types\/page"}],"author":[{"embeddable":true,"href":"https:\/\/kltaudit.sk\/en\/wp-json\/wp\/v2\/users\/1"}],"replies":[{"embeddable":true,"href":"https:\/\/kltaudit.sk\/en\/wp-json\/wp\/v2\/comments?post=5"}],"version-history":[{"count":48,"href":"https:\/\/kltaudit.sk\/en\/wp-json\/wp\/v2\/pages\/5\/revisions"}],"predecessor-version":[{"id":7821,"href":"https:\/\/kltaudit.sk\/en\/wp-json\/wp\/v2\/pages\/5\/revisions\/7821"}],"wp:attachment":[{"href":"https:\/\/kltaudit.sk\/en\/wp-json\/wp\/v2\/media?parent=5"}],"curies":[{"name":"wp","href":"https:\/\/api.w.org\/{rel}","templated":true}]}}