{"id":7052,"date":"2015-09-24T15:20:34","date_gmt":"2015-09-24T15:20:34","guid":{"rendered":"http:\/\/kltaudit.sk\/?page_id=7052"},"modified":"2016-04-25T14:09:51","modified_gmt":"2016-04-25T14:09:51","slug":"danove-informacie-a-novinky","status":"publish","type":"page","link":"https:\/\/kltaudit.sk\/en\/danove-informacie-a-novinky\/","title":{"rendered":"Tax Information and News"},"content":{"rendered":"<p><strong>\u00a0<\/p>\n<h2>Tax Information and News<\/h2>\n<p><\/strong><br \/>\n<\/b><\/p>\n<p><a href=\"https:\/\/www.financnasprava.sk\/sk\/elektronicke-sluzby\/verejne-sluzby\/danovy-kalendar\" target=\"_blank\">Important tax dates<\/a><\/p>\n<p><a href=\"https:\/\/www.financnasprava.sk\/sk\/elektronicke-sluzby\/verejne-sluzby\/zistenie-miestnej-prislusnost\" target=\"_blank\">Finding local competence<\/a><\/p>\n<p><a href=\"https:\/\/www.financnasprava.sk\/sk\/elektronicke-sluzby\/verejne-sluzby\/danove-kalkulacky\" target=\"_blank\">Tax calculators<\/a><\/p>\n<p><a href=\"https:\/\/www.financnasprava.sk\/sk\/danovi-a-colni-specialisti\/dane\/novinky-z-legislativy\" target=\"_blank\">Legislative news in the field of taxes and accounting<\/a><\/p>\n<p><a href=\"https:\/\/www.financnasprava.sk\/sk\/danovi-a-colni-specialisti\/dane\/metodicke-pokyny\" target=\"_blank\">Methodological instructions<\/a><\/p>\n<p><a href=\"https:\/\/www.financnasprava.sk\/sk\/danovi-a-colni-specialisti\/dane\/metodicke-usmernenia\" target=\"_blank\">Methodological guidelines<\/a><\/p>\n<p><a href=\"http:\/\/curia.europa.eu\/jcms\/jcms\/j_6\/\" target=\"_blank\">Court decisions<\/a><\/p>\n<p><a href=\"https:\/\/www.financnasprava.sk\/sk\/elektronicke-sluzby\/verejne-sluzby\/zoznamy\" target=\"_blank\">Information lists<\/a><\/p>\n<p><a href=\"https:\/\/www.financnasprava.sk\/sk\/infoservis\/platenie-dani\" target=\"_blank\">Method of payment of taxes<\/a><\/p>\n<p><a href=\"https:\/\/www.financnasprava.sk\/sk\/elektronicke-sluzby\/verejne-sluzby\/katalog-danovych-a-colnych\/zoznam_vzorov_vydanych_fr_sr\/\" target=\"_blank\">Samples of different tax, customs and accounting forms and notifications<\/a><\/p>","protected":false},"excerpt":{"rendered":"<p>\u00a0 Tax Information and News Important tax dates Finding local competence Tax calculators Legislative news in the field of taxes and accounting Methodological instructions Methodological guidelines Court decisions Information lists Method of payment of taxes Samples of different tax, customs and accounting forms and notifications<\/p>\n","protected":false},"author":2,"featured_media":0,"parent":0,"menu_order":0,"comment_status":"closed","ping_status":"closed","template":"","meta":[],"yoast_head":"<!-- This site is optimized with the Yoast SEO plugin v14.9 - https:\/\/yoast.com\/wordpress\/plugins\/seo\/ -->\n<title>Da\u0148ov\u00e9 inform\u00e1cie a novinky<\/title>\n<meta name=\"description\" content=\"Da\u0148ov\u00e9 inform\u00e1cie a novinky\" \/>\n<meta name=\"robots\" content=\"index, follow, max-snippet:-1, max-image-preview:large, max-video-preview:-1\" \/>\n<link rel=\"canonical\" href=\"https:\/\/kltaudit.sk\/danove-informacie-a-novinky\/\" \/>\n<meta property=\"og:locale\" content=\"en_US\" \/>\n<meta property=\"og:type\" content=\"article\" \/>\n<meta property=\"og:title\" content=\"Da\u0148ov\u00e9 inform\u00e1cie a novinky\" \/>\n<meta property=\"og:description\" content=\"Da\u0148ov\u00e9 inform\u00e1cie a novinky\" \/>\n<meta property=\"og:url\" content=\"https:\/\/kltaudit.sk\/danove-informacie-a-novinky\/\" \/>\n<meta property=\"og:site_name\" content=\"KLT AUDIT, spol. s r. o.\" \/>\n<meta property=\"article:publisher\" content=\"https:\/\/www.facebook.com\/KLTAUDIT\/\" \/>\n<meta property=\"article:modified_time\" content=\"2016-04-25T14:09:51+00:00\" \/>\n<meta property=\"fb:app_id\" content=\"927372147335844\" \/>\n<meta name=\"twitter:card\" content=\"summary\" \/>\n<script type=\"application\/ld+json\" class=\"yoast-schema-graph\">{\"@context\":\"https:\/\/schema.org\",\"@graph\":[{\"@type\":\"Organization\",\"@id\":\"https:\/\/kltaudit.sk\/en\/#organization\",\"name\":\"KLT AUDIT, spol. s r. o.\",\"url\":\"https:\/\/kltaudit.sk\/en\/\",\"sameAs\":[\"https:\/\/www.facebook.com\/KLTAUDIT\/\",\"https:\/\/www.linkedin.com\/company\/klt-audit-spol--s-r--o-\"],\"logo\":{\"@type\":\"ImageObject\",\"@id\":\"https:\/\/kltaudit.sk\/en\/#logo\",\"inLanguage\":\"en-US\",\"url\":\"https:\/\/kltaudit.sk\/wp-content\/uploads\/2015\/12\/logo.png\",\"width\":221,\"height\":32,\"caption\":\"KLT AUDIT, spol. s r. o.\"},\"image\":{\"@id\":\"https:\/\/kltaudit.sk\/en\/#logo\"}},{\"@type\":\"WebSite\",\"@id\":\"https:\/\/kltaudit.sk\/en\/#website\",\"url\":\"https:\/\/kltaudit.sk\/en\/\",\"name\":\"KLT AUDIT, spol. s r. o.\",\"description\":\"Najd\\u00f4le\\u017eitej\\u0161ia je kvalita a \\u00faspora V\\u00e1\\u0161ho \\u010dasu!\",\"publisher\":{\"@id\":\"https:\/\/kltaudit.sk\/en\/#organization\"},\"potentialAction\":[{\"@type\":\"SearchAction\",\"target\":\"https:\/\/kltaudit.sk\/en\/?s={search_term_string}\",\"query-input\":\"required name=search_term_string\"}],\"inLanguage\":\"en-US\"},{\"@type\":\"WebPage\",\"@id\":\"https:\/\/kltaudit.sk\/danove-informacie-a-novinky\/#webpage\",\"url\":\"https:\/\/kltaudit.sk\/danove-informacie-a-novinky\/\",\"name\":\"Da\\u0148ov\\u00e9 inform\\u00e1cie a novinky\",\"isPartOf\":{\"@id\":\"https:\/\/kltaudit.sk\/en\/#website\"},\"datePublished\":\"2015-09-24T15:20:34+00:00\",\"dateModified\":\"2016-04-25T14:09:51+00:00\",\"description\":\"Da\\u0148ov\\u00e9 inform\\u00e1cie a novinky\",\"inLanguage\":\"en-US\",\"potentialAction\":[{\"@type\":\"ReadAction\",\"target\":[\"https:\/\/kltaudit.sk\/danove-informacie-a-novinky\/\"]}]}]}<\/script>\n<!-- \/ Yoast SEO plugin. -->","_links":{"self":[{"href":"https:\/\/kltaudit.sk\/en\/wp-json\/wp\/v2\/pages\/7052"}],"collection":[{"href":"https:\/\/kltaudit.sk\/en\/wp-json\/wp\/v2\/pages"}],"about":[{"href":"https:\/\/kltaudit.sk\/en\/wp-json\/wp\/v2\/types\/page"}],"author":[{"embeddable":true,"href":"https:\/\/kltaudit.sk\/en\/wp-json\/wp\/v2\/users\/2"}],"replies":[{"embeddable":true,"href":"https:\/\/kltaudit.sk\/en\/wp-json\/wp\/v2\/comments?post=7052"}],"version-history":[{"count":25,"href":"https:\/\/kltaudit.sk\/en\/wp-json\/wp\/v2\/pages\/7052\/revisions"}],"predecessor-version":[{"id":7729,"href":"https:\/\/kltaudit.sk\/en\/wp-json\/wp\/v2\/pages\/7052\/revisions\/7729"}],"wp:attachment":[{"href":"https:\/\/kltaudit.sk\/en\/wp-json\/wp\/v2\/media?parent=7052"}],"curies":[{"name":"wp","href":"https:\/\/api.w.org\/{rel}","templated":true}]}}