{"id":7072,"date":"2015-09-24T15:25:09","date_gmt":"2015-09-24T15:25:09","guid":{"rendered":"http:\/\/kltaudit.sk\/?page_id=7072"},"modified":"2016-04-25T16:11:29","modified_gmt":"2016-04-25T16:11:29","slug":"predpisy-v-oblasti-bankovnictva-a-poistovnictva","status":"publish","type":"page","link":"https:\/\/kltaudit.sk\/en\/predpisy-v-oblasti-bankovnictva-a-poistovnictva\/","title":{"rendered":"Banking and insurance areas"},"content":{"rendered":"<p><strong><\/p>\n<h2>Regulations in the banking and insurance areas<\/h2>\n<p><\/strong><br \/>\n<\/b><\/p>\n<p><a href=\"https:\/\/www.slov-lex.sk\/pravne-predpisy\/SK\/ZZ\/2001\/483\/20160321\" target=\"_blank\">Act No. 483\/2001 Coll. on Banks, and on amendments and supplements to certain acts, as amended<\/a><br \/>\n<\/p>\n<p><a href=\"https:\/\/www.slov-lex.sk\/pravne-predpisy\/SK\/ZZ\/1992\/566\/20150101\" target=\"_blank\">Act No. 566\/1992 Coll. on the National Bank of Slovakia, as amended<\/a><br \/>\n<\/p>\n<p><a href=\"https:\/\/www.slov-lex.sk\/pravne-predpisy\/SK\/ZZ\/1996\/118\/20151015\" target=\"_blank\">Act No. 118\/1996 Coll. on Deposit Protection, and on amendments and supplements to certain acts, as amended<\/a><br \/>\n<\/p>\n<p><a href=\"https:\/\/www.slov-lex.sk\/pravne-predpisy\/SK\/ZZ\/2002\/510\/20091201\" target=\"_blank\">Act No. 510\/2002 Coll. on the Payment System, and on amendments and supplements to certain acts, as amended<\/a><br \/>\n<\/p>\n<p><a href=\"https:\/\/www.slov-lex.sk\/pravne-predpisy\/SK\/ZZ\/2004\/747\/20160321\" target=\"_blank\">Act No. 747\/2004 Coll. on Supervision of the Financial Market, and on amendments and supplements to certain acts, as amended<\/a><br \/>\n<\/p>\n<p><a href=\"https:\/\/www.slov-lex.sk\/pravne-predpisy\/SK\/ZZ\/2007\/659\/20130101\" target=\"_blank\">Act No. 659\/2007 Coll. on the Introduction of the Euro Currency in the Slovak Republic, and on amendments and supplements to certain acts, as amended<\/a><br \/>\n<\/p>\n<p><a href=\"https:\/\/www.slov-lex.sk\/pravne-predpisy\/SK\/ZZ\/2009\/186\/20160101\" target=\"_blank\">Act No. 186\/2009 Coll. on Financial Intermediation and Financial Counselling, and on amendments and supplements to certain acts, as amended<\/a><br \/>\n<\/p>\n<p><a href=\"https:\/\/www.slov-lex.sk\/pravne-predpisy\/SK\/ZZ\/2009\/276\/20160101\" target=\"_blank\">Act No. 276\/2009 Coll. on Measures to Mitigate the Effects of the Global Financial Crisis on the Banking Sector, and on amendments and supplements to certain acts, as amended<\/a><br \/>\n<\/p>\n<p><a href=\"https:\/\/www.slov-lex.sk\/pravne-predpisy\/SK\/ZZ\/2009\/492\/20160315\" target=\"_blank\">Act No. 492\/2009 Coll. on Payment Services, and on amendments and supplements to certain acts, as amended<\/a><br \/>\n<\/p>\n<p><a href=\"https:\/\/www.slov-lex.sk\/pravne-predpisy\/SK\/ZZ\/2010\/129\/20160321\" target=\"_blank\">Act No. 129\/2010 Coll. on Consumer Credits and Other Credits and Loans for Consumers, and on amendments and supplements to certain acts, as amended<\/a><br \/>\n<\/p>\n<p><a href=\"https:\/\/www.slov-lex.sk\/pravne-predpisy\/SK\/ZZ\/1950\/191\/20151223\" target=\"_blank\">Act No. 191\/1950 Coll. The Bill of Exchange and Cheque Act, as amended<\/a><br \/>\n<\/p>\n<p><a href=\"https:\/\/www.slov-lex.sk\/pravne-predpisy\/SK\/ZZ\/1990\/530\/20150401\" target=\"_blank\">Act No. 530\/1990 Coll. on Bonds, as amended<\/a><br \/>\n<\/p>\n<p><a href=\"https:\/\/www.slov-lex.sk\/pravne-predpisy\/SK\/ZZ\/2001\/566\/20160101\" target=\"_blank\">Act No. 566\/2001 Coll. on Securities and Investment Services, and on amendments and supplements to certain acts (The Securities Act), as amended<\/a><br \/>\n<\/p>\n<p><a href=\"https:\/\/www.slov-lex.sk\/pravne-predpisy\/SK\/ZZ\/2008\/8\/20160101\" target=\"_blank\">Act No. 8\/2008 Coll. on Insurance, and on amendments and supplements to certain acts, as amended<\/a><br \/>\n<\/p>\n<p><a href=\"https:\/\/www.slov-lex.sk\/pravne-predpisy\/SK\/ZZ\/2001\/381\/20150401\" target=\"_blank\">Act No. 381\/2001 Coll. on Compulsory Contractual Motor Vehicle Third Party Liability Insurance, and on amendments and supplements to certain acts, as amended<\/a><br \/>\n<\/p>\n<p><a href=\"https:\/\/www.slov-lex.sk\/pravne-predpisy\/SK\/ZZ\/2002\/429\/20160101\" target=\"_blank\">Act No. 429\/2002 Coll. on the Stock Exchange, as amended<\/a><br \/>\n<\/p>\n<p><a href=\"https:\/\/www.slov-lex.sk\/pravne-predpisy\/SK\/ZZ\/2003\/594\/20110701\" target=\"_blank\">Act No. 594\/2003 Coll. on Collective Investment, and on amendments and supplements to certain acts, as amended<\/a><br \/>\n<\/p>\n<p><a href=\"https:\/\/www.slov-lex.sk\/pravne-predpisy\/SK\/ZZ\/1995\/202\/20160101\" target=\"_blank\">Act No. 202\/1995 Coll. the Foreign Exchange Act, and the act amending and supplementing the Act of the Slovak National Council No. 372\/1990 Coll. on Infringements, as amended<\/a><br \/>\n<br \/>\n<\/p>","protected":false},"excerpt":{"rendered":"<p>Regulations in the banking and insurance areas Act No. 483\/2001 Coll. on Banks, and on amendments and supplements to certain acts, as amended Act No. 566\/1992 Coll. on the National Bank of Slovakia, as amended Act No. 118\/1996 Coll. on Deposit Protection, and on amendments and supplements to certain acts, as amended Act No. 510\/2002 [&hellip;]<\/p>\n","protected":false},"author":2,"featured_media":0,"parent":0,"menu_order":0,"comment_status":"closed","ping_status":"closed","template":"","meta":[],"yoast_head":"<!-- This site is optimized with the Yoast SEO plugin v14.9 - https:\/\/yoast.com\/wordpress\/plugins\/seo\/ -->\n<title>Predpisy v oblasti bankovn\u00edctva a pois\u0165ovn\u00edctva<\/title>\n<meta name=\"description\" content=\"Predpisy v oblasti bankovn\u00edctva a pois\u0165ovn\u00edctva\" \/>\n<meta name=\"robots\" content=\"index, follow, max-snippet:-1, max-image-preview:large, max-video-preview:-1\" \/>\n<link rel=\"canonical\" href=\"https:\/\/kltaudit.sk\/predpisy-v-oblasti-bankovnictva-a-poistovnictva\/\" \/>\n<meta property=\"og:locale\" content=\"en_US\" \/>\n<meta property=\"og:type\" content=\"article\" \/>\n<meta property=\"og:title\" content=\"Predpisy v oblasti bankovn\u00edctva a pois\u0165ovn\u00edctva\" \/>\n<meta property=\"og:description\" content=\"Predpisy v oblasti bankovn\u00edctva a pois\u0165ovn\u00edctva\" \/>\n<meta property=\"og:url\" content=\"https:\/\/kltaudit.sk\/predpisy-v-oblasti-bankovnictva-a-poistovnictva\/\" \/>\n<meta property=\"og:site_name\" content=\"KLT AUDIT, spol. s r. o.\" \/>\n<meta property=\"article:publisher\" content=\"https:\/\/www.facebook.com\/KLTAUDIT\/\" \/>\n<meta property=\"article:modified_time\" content=\"2016-04-25T16:11:29+00:00\" \/>\n<meta property=\"fb:app_id\" content=\"927372147335844\" \/>\n<meta name=\"twitter:card\" content=\"summary\" \/>\n<script type=\"application\/ld+json\" class=\"yoast-schema-graph\">{\"@context\":\"https:\/\/schema.org\",\"@graph\":[{\"@type\":\"Organization\",\"@id\":\"https:\/\/kltaudit.sk\/en\/#organization\",\"name\":\"KLT AUDIT, spol. s r. o.\",\"url\":\"https:\/\/kltaudit.sk\/en\/\",\"sameAs\":[\"https:\/\/www.facebook.com\/KLTAUDIT\/\",\"https:\/\/www.linkedin.com\/company\/klt-audit-spol--s-r--o-\"],\"logo\":{\"@type\":\"ImageObject\",\"@id\":\"https:\/\/kltaudit.sk\/en\/#logo\",\"inLanguage\":\"en-US\",\"url\":\"https:\/\/kltaudit.sk\/wp-content\/uploads\/2015\/12\/logo.png\",\"width\":221,\"height\":32,\"caption\":\"KLT AUDIT, spol. s r. o.\"},\"image\":{\"@id\":\"https:\/\/kltaudit.sk\/en\/#logo\"}},{\"@type\":\"WebSite\",\"@id\":\"https:\/\/kltaudit.sk\/en\/#website\",\"url\":\"https:\/\/kltaudit.sk\/en\/\",\"name\":\"KLT AUDIT, spol. s r. o.\",\"description\":\"Najd\\u00f4le\\u017eitej\\u0161ia je kvalita a \\u00faspora V\\u00e1\\u0161ho \\u010dasu!\",\"publisher\":{\"@id\":\"https:\/\/kltaudit.sk\/en\/#organization\"},\"potentialAction\":[{\"@type\":\"SearchAction\",\"target\":\"https:\/\/kltaudit.sk\/en\/?s={search_term_string}\",\"query-input\":\"required name=search_term_string\"}],\"inLanguage\":\"en-US\"},{\"@type\":\"WebPage\",\"@id\":\"https:\/\/kltaudit.sk\/predpisy-v-oblasti-bankovnictva-a-poistovnictva\/#webpage\",\"url\":\"https:\/\/kltaudit.sk\/predpisy-v-oblasti-bankovnictva-a-poistovnictva\/\",\"name\":\"Predpisy v oblasti bankovn\\u00edctva a pois\\u0165ovn\\u00edctva\",\"isPartOf\":{\"@id\":\"https:\/\/kltaudit.sk\/en\/#website\"},\"datePublished\":\"2015-09-24T15:25:09+00:00\",\"dateModified\":\"2016-04-25T16:11:29+00:00\",\"description\":\"Predpisy v oblasti bankovn\\u00edctva a pois\\u0165ovn\\u00edctva\",\"inLanguage\":\"en-US\",\"potentialAction\":[{\"@type\":\"ReadAction\",\"target\":[\"https:\/\/kltaudit.sk\/predpisy-v-oblasti-bankovnictva-a-poistovnictva\/\"]}]}]}<\/script>\n<!-- \/ Yoast SEO plugin. -->","_links":{"self":[{"href":"https:\/\/kltaudit.sk\/en\/wp-json\/wp\/v2\/pages\/7072"}],"collection":[{"href":"https:\/\/kltaudit.sk\/en\/wp-json\/wp\/v2\/pages"}],"about":[{"href":"https:\/\/kltaudit.sk\/en\/wp-json\/wp\/v2\/types\/page"}],"author":[{"embeddable":true,"href":"https:\/\/kltaudit.sk\/en\/wp-json\/wp\/v2\/users\/2"}],"replies":[{"embeddable":true,"href":"https:\/\/kltaudit.sk\/en\/wp-json\/wp\/v2\/comments?post=7072"}],"version-history":[{"count":13,"href":"https:\/\/kltaudit.sk\/en\/wp-json\/wp\/v2\/pages\/7072\/revisions"}],"predecessor-version":[{"id":7757,"href":"https:\/\/kltaudit.sk\/en\/wp-json\/wp\/v2\/pages\/7072\/revisions\/7757"}],"wp:attachment":[{"href":"https:\/\/kltaudit.sk\/en\/wp-json\/wp\/v2\/media?parent=7072"}],"curies":[{"name":"wp","href":"https:\/\/api.w.org\/{rel}","templated":true}]}}