{"id":7078,"date":"2015-09-24T15:26:30","date_gmt":"2015-09-24T15:26:30","guid":{"rendered":"http:\/\/kltaudit.sk\/?page_id=7078"},"modified":"2016-04-25T16:15:12","modified_gmt":"2016-04-25T16:15:12","slug":"dalsie-dolezite-pravne-predpisy","status":"publish","type":"page","link":"https:\/\/kltaudit.sk\/en\/dalsie-dolezite-pravne-predpisy\/","title":{"rendered":"Other important regulations"},"content":{"rendered":"<p><strong><\/p>\n<h2>Other important regulations<\/h2>\n<p><\/strong><br \/>\n<\/b><\/p>\n<p><a href=\"https:\/\/www.slov-lex.sk\/pravne-predpisy\/SK\/ZZ\/1964\/40\/20160101\" target=\"_blank\">Act No. 40\/1964 Coll. the Civil Code, as amended<\/a><br \/>\n<\/p>\n<p><a href=\"https:\/\/www.slov-lex.sk\/pravne-predpisy\/SK\/ZZ\/1991\/513\/20160318\" target=\"_blank\">Act No. 513\/1991 Coll. the Commercial Code, as amended<\/a><br \/>\n<\/p>\n<p><a href=\"https:\/\/www.slov-lex.sk\/pravne-predpisy\/SK\/ZZ\/1991\/455\/20160301\" target=\"_blank\">Act No. 455\/1991 Coll. Trade Licensing (Trade Licensing Act), as amended<\/a><br \/>\n<\/p>\n<p><a href=\"https:\/\/www.slov-lex.sk\/pravne-predpisy\/SK\/ZZ\/2003\/530\/20160318\" target=\"_blank\">Act No. 530\/2003 Coll. on the Commercial Register, and on amendments and supplements to certain acts, as amended<\/a><br \/>\n<\/p>\n<p><a href=\"https:\/\/www.slov-lex.sk\/pravne-predpisy\/SK\/ZZ\/2003\/618\/20141029\" target=\"_blank\">Act No. 618\/2003 Coll. on Copyright and Rights Related to Copyright (the Copyright Act), and on amendments and supplements to certain acts, as amended<\/a><br \/>\n<\/p>\n<p><a href=\"https:\/\/www.slov-lex.sk\/pravne-predpisy\/SK\/ZZ\/1963\/99\/20160101\" target=\"_blank\">Act No. 99\/1963 Coll. the Code of Civil Procedure, as amended<\/a><br \/>\n<\/p>\n<p><a href=\"https:\/\/www.slov-lex.sk\/pravne-predpisy\/SK\/ZZ\/1967\/71\/20150901\" target=\"_blank\">Act No. 71\/1967 Coll. on Administrative Proceedings (Administrative Code), as amended<\/a><br \/>\n<\/p>\n<p><a href=\"https:\/\/www.slov-lex.sk\/pravne-predpisy\/SK\/ZZ\/1990\/372\/20160101\" target=\"_blank\">Act No. 372\/1990 Coll. on Offences, as amended<\/a><br \/>\n<\/p>\n<p><a href=\"https:\/\/www.slov-lex.sk\/pravne-predpisy\/SK\/ZZ\/2005\/300\/20160101\" target=\"_blank\">Act No. 300\/2005 Coll. the Criminal Code, as amended<\/a><br \/>\n<\/p>\n<p><a href=\"https:\/\/www.slov-lex.sk\/pravne-predpisy\/SK\/ZZ\/2005\/301\/20160101\" target=\"_blank\">Act No. 301\/2005 Coll. the Code of Criminal Procedure, as amended<\/a><br \/>\n<\/p>\n<p><a href=\"https:\/\/www.slov-lex.sk\/pravne-predpisy\/SK\/ZZ\/2008\/297\/20160101\" target=\"_blank\">Act No. 297\/2008 Coll. on the Prevention of Legalization of the Proceeds of Criminal Activity and Terrorism Financing, and on amendments and supplements to certain acts, as amended<\/a><br \/>\n<\/p>\n<p><a href=\"https:\/\/www.slov-lex.sk\/pravne-predpisy\/SK\/ZZ\/2013\/122\/20140415\" target=\"_blank\">Act No. 122\/2013 Coll. on Protection of Personal Data, and on amendments and supplements to certain acts, as amended<\/a><br \/>\n<\/p>\n<p><a href=\"https:\/\/www.slov-lex.sk\/pravne-predpisy\/SK\/ZZ\/2002\/215\/20151101\" target=\"_blank\">Act No. 215\/2002 Coll. on Electronic Signatures, and on amendments and supplements to certain acts, as amended<\/a><br \/>\n<\/p>\n<p><a href=\"https:\/\/www.slov-lex.sk\/pravne-predpisy\/SK\/ZZ\/2005\/7\/20160101\" target=\"_blank\">Act No. 7\/2005 Coll. on Bankruptcy and Restructuring, and on amendments and supplements to certain acts, as amended<\/a><br \/>\n<\/p>\n<p><a href=\"https:\/\/www.slov-lex.sk\/pravne-predpisy\/SK\/ZZ\/2005\/8\/20140101\" target=\"_blank\">Act No. 8\/2005 Coll. on Trustees, and on amendments and supplements to certain acts, as amended<\/a><br \/>\n<\/p>\n<p><a href=\"https:\/\/www.slov-lex.sk\/pravne-predpisy\/SK\/ZZ\/1991\/328\/20051215\" target=\"_blank\">Act No. 328\/1991 Coll. on Bankruptcy and Settlement, as amended<\/a><br \/>\n<\/p>\n<p><a href=\"https:\/\/www.slov-lex.sk\/pravne-predpisy\/SK\/ZZ\/2014\/28\/20140214\" target=\"_blank\">Act No. 28\/2014 Coll. the complete text of the Act of the Slovak National Council No. 78\/1992 Coll. on Tax Advisors and the Slovak Chamber of Tax Advisors, as amended<\/a><br \/>\n<\/p>\n<p><a href=\"https:\/\/www.slov-lex.sk\/pravne-predpisy\/SK\/ZZ\/2003\/586\/20160101\" target=\"_blank\">Act No. 586\/2003 Coll. on Advocacy, and on the amendment to Act No. 455\/1991 Coll. on Trade Licensing (Trade Licensing Act), as amended<\/a><br \/>\n<\/p>\n<p><a href=\"https:\/\/www.slov-lex.sk\/pravne-predpisy\/SK\/ZZ\/2005\/171\/20150101\" target=\"_blank\">Act No. 171\/2005 Coll. on Gambling Games, and on amendments and supplements to certain acts, as amended<\/a><br \/>\n<\/p>\n<p><a href=\"https:\/\/www.slov-lex.sk\/pravne-predpisy\/SK\/ZZ\/2000\/211\/20160101\" target=\"_blank\">Act No. 211\/2000 Coll. on Free Access to Information, and on amendments and supplements to certain acts (the Freedom of Information Act)<\/a><br \/>\n<\/p>\n<p><a href=\"https:\/\/www.slov-lex.sk\/pravne-predpisy\/SK\/ZZ\/2010\/9\/20160101\" target=\"_blank\">Act No. 9\/2010 Coll. on Complaints, as amended<\/a><br \/>\n<br \/><\/p>","protected":false},"excerpt":{"rendered":"<p>Other important regulations Act No. 40\/1964 Coll. the Civil Code, as amended Act No. 513\/1991 Coll. the Commercial Code, as amended Act No. 455\/1991 Coll. Trade Licensing (Trade Licensing Act), as amended Act No. 530\/2003 Coll. on the Commercial Register, and on amendments and supplements to certain acts, as amended Act No. 618\/2003 Coll. on [&hellip;]<\/p>\n","protected":false},"author":2,"featured_media":0,"parent":0,"menu_order":0,"comment_status":"closed","ping_status":"closed","template":"","meta":[],"yoast_head":"<!-- This site is optimized with the Yoast SEO plugin v14.9 - https:\/\/yoast.com\/wordpress\/plugins\/seo\/ -->\n<title>d\u00f4le\u017eit\u00e9 pr\u00e1vne predpisy<\/title>\n<meta name=\"description\" content=\"d\u00f4le\u017eit\u00e9 pr\u00e1vne predpisy\" \/>\n<meta name=\"robots\" content=\"index, follow, max-snippet:-1, max-image-preview:large, max-video-preview:-1\" \/>\n<link rel=\"canonical\" href=\"https:\/\/kltaudit.sk\/en\/dalsie-dolezite-pravne-predpisy\/\" \/>\n<meta property=\"og:locale\" content=\"en_US\" \/>\n<meta property=\"og:type\" content=\"article\" \/>\n<meta property=\"og:title\" content=\"d\u00f4le\u017eit\u00e9 pr\u00e1vne predpisy\" \/>\n<meta property=\"og:description\" content=\"d\u00f4le\u017eit\u00e9 pr\u00e1vne predpisy\" \/>\n<meta property=\"og:url\" content=\"https:\/\/kltaudit.sk\/en\/dalsie-dolezite-pravne-predpisy\/\" \/>\n<meta property=\"og:site_name\" content=\"KLT AUDIT, spol. s r. o.\" \/>\n<meta property=\"article:publisher\" content=\"https:\/\/www.facebook.com\/KLTAUDIT\/\" \/>\n<meta property=\"article:modified_time\" content=\"2016-04-25T16:15:12+00:00\" \/>\n<meta property=\"fb:app_id\" content=\"927372147335844\" \/>\n<meta name=\"twitter:card\" content=\"summary\" \/>\n<script type=\"application\/ld+json\" class=\"yoast-schema-graph\">{\"@context\":\"https:\/\/schema.org\",\"@graph\":[{\"@type\":\"Organization\",\"@id\":\"https:\/\/kltaudit.sk\/en\/#organization\",\"name\":\"KLT AUDIT, spol. s r. o.\",\"url\":\"https:\/\/kltaudit.sk\/en\/\",\"sameAs\":[\"https:\/\/www.facebook.com\/KLTAUDIT\/\",\"https:\/\/www.linkedin.com\/company\/klt-audit-spol--s-r--o-\"],\"logo\":{\"@type\":\"ImageObject\",\"@id\":\"https:\/\/kltaudit.sk\/en\/#logo\",\"inLanguage\":\"en-US\",\"url\":\"https:\/\/kltaudit.sk\/wp-content\/uploads\/2015\/12\/logo.png\",\"width\":221,\"height\":32,\"caption\":\"KLT AUDIT, spol. s r. o.\"},\"image\":{\"@id\":\"https:\/\/kltaudit.sk\/en\/#logo\"}},{\"@type\":\"WebSite\",\"@id\":\"https:\/\/kltaudit.sk\/en\/#website\",\"url\":\"https:\/\/kltaudit.sk\/en\/\",\"name\":\"KLT AUDIT, spol. s r. o.\",\"description\":\"Najd\\u00f4le\\u017eitej\\u0161ia je kvalita a \\u00faspora V\\u00e1\\u0161ho \\u010dasu!\",\"publisher\":{\"@id\":\"https:\/\/kltaudit.sk\/en\/#organization\"},\"potentialAction\":[{\"@type\":\"SearchAction\",\"target\":\"https:\/\/kltaudit.sk\/en\/?s={search_term_string}\",\"query-input\":\"required name=search_term_string\"}],\"inLanguage\":\"en-US\"},{\"@type\":\"WebPage\",\"@id\":\"https:\/\/kltaudit.sk\/en\/dalsie-dolezite-pravne-predpisy\/#webpage\",\"url\":\"https:\/\/kltaudit.sk\/en\/dalsie-dolezite-pravne-predpisy\/\",\"name\":\"d\\u00f4le\\u017eit\\u00e9 pr\\u00e1vne predpisy\",\"isPartOf\":{\"@id\":\"https:\/\/kltaudit.sk\/en\/#website\"},\"datePublished\":\"2015-09-24T15:26:30+00:00\",\"dateModified\":\"2016-04-25T16:15:12+00:00\",\"description\":\"d\\u00f4le\\u017eit\\u00e9 pr\\u00e1vne predpisy\",\"inLanguage\":\"en-US\",\"potentialAction\":[{\"@type\":\"ReadAction\",\"target\":[\"https:\/\/kltaudit.sk\/en\/dalsie-dolezite-pravne-predpisy\/\"]}]}]}<\/script>\n<!-- \/ Yoast SEO plugin. -->","_links":{"self":[{"href":"https:\/\/kltaudit.sk\/en\/wp-json\/wp\/v2\/pages\/7078"}],"collection":[{"href":"https:\/\/kltaudit.sk\/en\/wp-json\/wp\/v2\/pages"}],"about":[{"href":"https:\/\/kltaudit.sk\/en\/wp-json\/wp\/v2\/types\/page"}],"author":[{"embeddable":true,"href":"https:\/\/kltaudit.sk\/en\/wp-json\/wp\/v2\/users\/2"}],"replies":[{"embeddable":true,"href":"https:\/\/kltaudit.sk\/en\/wp-json\/wp\/v2\/comments?post=7078"}],"version-history":[{"count":15,"href":"https:\/\/kltaudit.sk\/en\/wp-json\/wp\/v2\/pages\/7078\/revisions"}],"predecessor-version":[{"id":7759,"href":"https:\/\/kltaudit.sk\/en\/wp-json\/wp\/v2\/pages\/7078\/revisions\/7759"}],"wp:attachment":[{"href":"https:\/\/kltaudit.sk\/en\/wp-json\/wp\/v2\/media?parent=7078"}],"curies":[{"name":"wp","href":"https:\/\/api.w.org\/{rel}","templated":true}]}}