{"id":7080,"date":"2015-09-24T15:27:46","date_gmt":"2015-09-24T15:27:46","guid":{"rendered":"http:\/\/kltaudit.sk\/?page_id=7080"},"modified":"2015-12-11T18:33:46","modified_gmt":"2015-12-11T18:33:46","slug":"uzitocne-linky","status":"publish","type":"page","link":"https:\/\/kltaudit.sk\/en\/uzitocne-linky\/","title":{"rendered":"Useful links"},"content":{"rendered":"<p><div class=\"vc_row wpb_row vc_row-fluid\">\n\t<div class=\"vc_col-sm-12 wpb_column vc_column_container\">\n\t\t<div class=\"wpb_wrapper\">\n\t\t\t\n\t<div class=\"wpb_text_column wpb_content_element \">\n\t\t<div class=\"wpb_wrapper\">\n\t\t\t<div class=\"vc_row wpb_row vc_row-fluid\"><\/div>\n\t<div class=\"vc_col-sm-12 wpb_column vc_column_container\">\n\t\t<div class=\"wpb_wrapper\">\n\t\t\t\n\t\t<\/div> \n\t<\/div> \n\n\t<div class=\"wpb_text_column wpb_content_element \">\n\t\t<div class=\"wpb_wrapper\">\n\t\t\t\n\t\t<\/div> \n\t<\/div> <a href=\"http:\/\/www.orsr.sk\/Default.asp?lan=en\" target=\"_blank\">Business Register of the Slovak Republic<\/a><br \/>\n<a href=\"http:\/\/www.zrsr.sk\/default.aspx?LANG=en\" target=\"_blank\">Trade Register of the Slovak Republic<\/a><br \/>\n<a href=\"https:\/\/www.financnasprava.sk\/en\/homepage\" target=\"_blank\">Tax administration website<\/a><br \/>\n<a href=\"http:\/\/www.nbs.sk\/en\/home\" target=\"_blank\">National Bank of Slovakia<\/a><br \/>\n<a href=\"http:\/\/www.justice.gov.sk\" target=\"_blank\">Ministry of Justice of the Slovak Republic<\/a><br \/>\n<a href=\"http:\/\/www.finance.gov.sk\/En\/Default.aspx\" target=\"_blank\">Ministry of Finance of the Slovak Republic<\/a><br \/>\n<a href=\"http:\/\/www.registeruz.sk\" target=\"_blank\">Register of Financial Statements<\/a><br \/>\n<a href=\"http:\/\/www.socpoist.sk\/?lang=en\" target=\"_blank\">Social Insurance Agency<\/a><br \/>\n<a href=\"http:\/\/www.vszp.sk\/en\/how-become-our-insured-person\/\" target=\"_blank\">V\u0161eobecn\u00e1 zdravotn\u00e1 pois\u0165ov\u0148a<\/a><br \/>\n<a href=\"http:\/\/www.dovera.sk\/o-nas\/english-info\" target=\"_blank\">D\u00f4vera zdravotn\u00e1 pois\u0165ov\u0148a<\/a><br \/>\n<a href=\"http:\/\/www.union.sk\/health-insurance-for-foreigners\" target=\"_blank\">Union zdravotn\u00e1 pois\u0165ov\u0148a<\/a><br \/>\n<a href=\"http:\/\/www.skau.sk\" target=\"_blank\">Slovak Chamber of Auditors<\/a><br \/>\n<a href=\"http:\/\/www.skdp.sk\/webnew\/main_en.nsf\/\" target=\"_blank\">Slovak Chamber of Tax Advisors<\/a><br \/>\n<a href=\"http:\/\/www.skcu.sk\" target=\"_blank\">Slovak Chamber of Certified Accountants<\/a><br \/>\n<a href=\"http:\/\/www.udva.sk\" target=\"_blank\">Audit Oversight Office<\/a><br \/>\n<a href=\"http:\/\/www.katasterportal.sk\/kapor\/\" target=\"_blank\">Geodesy, Cartography and Cadastre Authority of the Slovak Republic<\/a><\/p>\n\n\t\t<\/div> \n\t<\/div> \n\t\t<\/div> \n\t<\/div> \n<\/div><div class=\"vc_row wpb_row vc_row-fluid\">\n\t<div class=\"vc_col-sm-12 wpb_column vc_column_container\">\n\t\t<div class=\"wpb_wrapper\">\n\t\t\t\n\t<div class=\"wpb_text_column wpb_content_element \">\n\t\t<div class=\"wpb_wrapper\">\n\t\t\t<p><\/p>\n\n\t\t<\/div> \n\t<\/div> \n\t\t<\/div> \n\t<\/div> \n<\/div><div class=\"vc_row wpb_row vc_row-fluid\">\n\t<div class=\"vc_col-sm-12 wpb_column vc_column_container\">\n\t\t<div class=\"wpb_wrapper\">\n\t\t\t\n\t<div class=\"wpb_text_column wpb_content_element \">\n\t\t<div class=\"wpb_wrapper\">\n\t\t\t<p><\/p>\n\n\t\t<\/div> \n\t<\/div> \n\t\t<\/div> \n\t<\/div> \n<\/div><\/p>","protected":false},"excerpt":{"rendered":"Business Register of the Slovak Republic Trade Register of the Slovak Republic Tax administration website National Bank of Slovakia Ministry of Justice of the Slovak Republic Ministry of Finance of the Slovak Republic Register of Financial Statements Social Insurance Agency V\u0161eobecn\u00e1 zdravotn\u00e1 pois\u0165ov\u0148a D\u00f4vera zdravotn\u00e1 pois\u0165ov\u0148a Union zdravotn\u00e1 pois\u0165ov\u0148a Slovak Chamber of Auditors Slovak Chamber [...]","protected":false},"author":2,"featured_media":0,"parent":0,"menu_order":0,"comment_status":"closed","ping_status":"closed","template":"","meta":[],"yoast_head":"<!-- This site is optimized with the Yoast SEO plugin v14.9 - https:\/\/yoast.com\/wordpress\/plugins\/seo\/ -->\n<title>U\u017dITO\u010cN\u00c9 LINKY<\/title>\n<meta name=\"description\" content=\"Obchodn\u00fd register Slovenskej republiky \u017divnostensk\u00fd register Slovenskej republiky Port\u00e1l da\u0148ovej spr\u00e1vy N\u00e1rodn\u00e1 banka Slovenska Ministerstvo spravodlivosti\" \/>\n<meta name=\"robots\" content=\"index, follow, max-snippet:-1, max-image-preview:large, max-video-preview:-1\" \/>\n<link rel=\"canonical\" href=\"https:\/\/kltaudit.sk\/uzitocne-linky\/\" \/>\n<meta property=\"og:locale\" content=\"en_US\" \/>\n<meta property=\"og:type\" content=\"article\" \/>\n<meta property=\"og:title\" content=\"U\u017dITO\u010cN\u00c9 LINKY\" \/>\n<meta property=\"og:description\" content=\"Obchodn\u00fd register Slovenskej republiky \u017divnostensk\u00fd register Slovenskej republiky Port\u00e1l da\u0148ovej spr\u00e1vy N\u00e1rodn\u00e1 banka Slovenska Ministerstvo spravodlivosti\" \/>\n<meta property=\"og:url\" content=\"https:\/\/kltaudit.sk\/uzitocne-linky\/\" \/>\n<meta property=\"og:site_name\" content=\"KLT AUDIT, spol. s r. o.\" \/>\n<meta property=\"article:publisher\" content=\"https:\/\/www.facebook.com\/KLTAUDIT\/\" \/>\n<meta property=\"article:modified_time\" content=\"2015-12-11T18:33:46+00:00\" \/>\n<meta property=\"fb:app_id\" content=\"927372147335844\" \/>\n<meta name=\"twitter:card\" content=\"summary\" \/>\n<script type=\"application\/ld+json\" class=\"yoast-schema-graph\">{\"@context\":\"https:\/\/schema.org\",\"@graph\":[{\"@type\":\"Organization\",\"@id\":\"https:\/\/kltaudit.sk\/en\/#organization\",\"name\":\"KLT AUDIT, spol. s r. o.\",\"url\":\"https:\/\/kltaudit.sk\/en\/\",\"sameAs\":[\"https:\/\/www.facebook.com\/KLTAUDIT\/\",\"https:\/\/www.linkedin.com\/company\/klt-audit-spol--s-r--o-\"],\"logo\":{\"@type\":\"ImageObject\",\"@id\":\"https:\/\/kltaudit.sk\/en\/#logo\",\"inLanguage\":\"en-US\",\"url\":\"https:\/\/kltaudit.sk\/wp-content\/uploads\/2015\/12\/logo.png\",\"width\":221,\"height\":32,\"caption\":\"KLT AUDIT, spol. s r. o.\"},\"image\":{\"@id\":\"https:\/\/kltaudit.sk\/en\/#logo\"}},{\"@type\":\"WebSite\",\"@id\":\"https:\/\/kltaudit.sk\/en\/#website\",\"url\":\"https:\/\/kltaudit.sk\/en\/\",\"name\":\"KLT AUDIT, spol. s r. o.\",\"description\":\"Najd\\u00f4le\\u017eitej\\u0161ia je kvalita a \\u00faspora V\\u00e1\\u0161ho \\u010dasu!\",\"publisher\":{\"@id\":\"https:\/\/kltaudit.sk\/en\/#organization\"},\"potentialAction\":[{\"@type\":\"SearchAction\",\"target\":\"https:\/\/kltaudit.sk\/en\/?s={search_term_string}\",\"query-input\":\"required name=search_term_string\"}],\"inLanguage\":\"en-US\"},{\"@type\":\"WebPage\",\"@id\":\"https:\/\/kltaudit.sk\/uzitocne-linky\/#webpage\",\"url\":\"https:\/\/kltaudit.sk\/uzitocne-linky\/\",\"name\":\"U\\u017dITO\\u010cN\\u00c9 LINKY\",\"isPartOf\":{\"@id\":\"https:\/\/kltaudit.sk\/en\/#website\"},\"datePublished\":\"2015-09-24T15:27:46+00:00\",\"dateModified\":\"2015-12-11T18:33:46+00:00\",\"description\":\"Obchodn\\u00fd register Slovenskej republiky \\u017divnostensk\\u00fd register Slovenskej republiky Port\\u00e1l da\\u0148ovej spr\\u00e1vy N\\u00e1rodn\\u00e1 banka Slovenska Ministerstvo spravodlivosti\",\"inLanguage\":\"en-US\",\"potentialAction\":[{\"@type\":\"ReadAction\",\"target\":[\"https:\/\/kltaudit.sk\/uzitocne-linky\/\"]}]}]}<\/script>\n<!-- \/ Yoast SEO plugin. -->","_links":{"self":[{"href":"https:\/\/kltaudit.sk\/en\/wp-json\/wp\/v2\/pages\/7080"}],"collection":[{"href":"https:\/\/kltaudit.sk\/en\/wp-json\/wp\/v2\/pages"}],"about":[{"href":"https:\/\/kltaudit.sk\/en\/wp-json\/wp\/v2\/types\/page"}],"author":[{"embeddable":true,"href":"https:\/\/kltaudit.sk\/en\/wp-json\/wp\/v2\/users\/2"}],"replies":[{"embeddable":true,"href":"https:\/\/kltaudit.sk\/en\/wp-json\/wp\/v2\/comments?post=7080"}],"version-history":[{"count":30,"href":"https:\/\/kltaudit.sk\/en\/wp-json\/wp\/v2\/pages\/7080\/revisions"}],"predecessor-version":[{"id":7623,"href":"https:\/\/kltaudit.sk\/en\/wp-json\/wp\/v2\/pages\/7080\/revisions\/7623"}],"wp:attachment":[{"href":"https:\/\/kltaudit.sk\/en\/wp-json\/wp\/v2\/media?parent=7080"}],"curies":[{"name":"wp","href":"https:\/\/api.w.org\/{rel}","templated":true}]}}