{"id":7140,"date":"2015-09-25T07:53:09","date_gmt":"2015-09-25T07:53:09","guid":{"rendered":"http:\/\/kltaudit.sk\/?page_id=7140"},"modified":"2016-04-25T16:04:06","modified_gmt":"2016-04-25T16:04:06","slug":"predpisy-v-oblasti-uctovnictva","status":"publish","type":"page","link":"https:\/\/kltaudit.sk\/en\/predpisy-v-oblasti-uctovnictva\/","title":{"rendered":"Accounting"},"content":{"rendered":"<p><strong><\/p>\n<h2>Accounting regulations<\/h2>\n<p><\/strong><br \/>\n<\/p>\n<p><a href=\"https:\/\/www.slov-lex.sk\/pravne-predpisy\/SK\/ZZ\/2002\/431\/20160101\" target=\"_blank\">Act No. 431\/2002 Coll. on Accounting, as amended<\/a><\/p>\n<p><a href=\"http:\/\/www.finance.gov.sk\/Default.aspx?CatID=4486\" target=\"_blank\">Orders<\/a><\/p>\n<p><a href=\"http:\/\/www.finance.gov.sk\/Default.aspx?CatID=4810\" target=\"_blank\">Guidelines<\/a><\/p>\n<p><a href=\"http:\/\/www.finance.gov.sk\/Default.aspx?CatID=8632\/\" target=\"_blank\">Sample forms<\/a><br \/>\n<\/p>\n<p><strong><\/p>\n<h2>European Union legislation:<\/h2>\n<p><\/strong><br \/>\n<br \/>\n<a href=\"http:\/\/www.finance.gov.sk\/en\/Default.aspx?CatID=549\" target=\"_blank\">International Financial Reporting Standards (IFRS) and International Accounting Standards (IAS)<\/a><\/p>\n<p><a href=\"http:\/\/www.finance.gov.sk\/en\/Default.aspx?CatID=548\" target=\"_blank\">EC\/EU Directives<\/a><\/p>","protected":false},"excerpt":{"rendered":"<p>Accounting regulations Act No. 431\/2002 Coll. on Accounting, as amended Orders Guidelines Sample forms European Union legislation: International Financial Reporting Standards (IFRS) and International Accounting Standards (IAS) EC\/EU Directives<\/p>\n","protected":false},"author":2,"featured_media":0,"parent":0,"menu_order":0,"comment_status":"closed","ping_status":"closed","template":"","meta":[],"yoast_head":"<!-- This site is optimized with the Yoast SEO plugin v14.9 - https:\/\/yoast.com\/wordpress\/plugins\/seo\/ -->\n<title>Predpisy v oblasti \u00fa\u010dtovn\u00edctva<\/title>\n<meta name=\"description\" content=\"Predpisy v oblasti \u00fa\u010dtovn\u00edctva\" \/>\n<meta name=\"robots\" content=\"index, follow, max-snippet:-1, max-image-preview:large, max-video-preview:-1\" \/>\n<link rel=\"canonical\" href=\"https:\/\/kltaudit.sk\/en\/predpisy-v-oblasti-uctovnictva\/\" \/>\n<meta property=\"og:locale\" content=\"en_US\" \/>\n<meta property=\"og:type\" content=\"article\" \/>\n<meta property=\"og:title\" content=\"Predpisy v oblasti \u00fa\u010dtovn\u00edctva\" \/>\n<meta property=\"og:description\" content=\"Predpisy v oblasti \u00fa\u010dtovn\u00edctva\" \/>\n<meta property=\"og:url\" content=\"https:\/\/kltaudit.sk\/en\/predpisy-v-oblasti-uctovnictva\/\" \/>\n<meta property=\"og:site_name\" content=\"KLT AUDIT, spol. s r. o.\" \/>\n<meta property=\"article:publisher\" content=\"https:\/\/www.facebook.com\/KLTAUDIT\/\" \/>\n<meta property=\"article:modified_time\" content=\"2016-04-25T16:04:06+00:00\" \/>\n<meta property=\"fb:app_id\" content=\"927372147335844\" \/>\n<meta name=\"twitter:card\" content=\"summary\" \/>\n<script type=\"application\/ld+json\" class=\"yoast-schema-graph\">{\"@context\":\"https:\/\/schema.org\",\"@graph\":[{\"@type\":\"Organization\",\"@id\":\"https:\/\/kltaudit.sk\/en\/#organization\",\"name\":\"KLT AUDIT, spol. s r. o.\",\"url\":\"https:\/\/kltaudit.sk\/en\/\",\"sameAs\":[\"https:\/\/www.facebook.com\/KLTAUDIT\/\",\"https:\/\/www.linkedin.com\/company\/klt-audit-spol--s-r--o-\"],\"logo\":{\"@type\":\"ImageObject\",\"@id\":\"https:\/\/kltaudit.sk\/en\/#logo\",\"inLanguage\":\"en-US\",\"url\":\"https:\/\/kltaudit.sk\/wp-content\/uploads\/2015\/12\/logo.png\",\"width\":221,\"height\":32,\"caption\":\"KLT AUDIT, spol. s r. o.\"},\"image\":{\"@id\":\"https:\/\/kltaudit.sk\/en\/#logo\"}},{\"@type\":\"WebSite\",\"@id\":\"https:\/\/kltaudit.sk\/en\/#website\",\"url\":\"https:\/\/kltaudit.sk\/en\/\",\"name\":\"KLT AUDIT, spol. s r. o.\",\"description\":\"Najd\\u00f4le\\u017eitej\\u0161ia je kvalita a \\u00faspora V\\u00e1\\u0161ho \\u010dasu!\",\"publisher\":{\"@id\":\"https:\/\/kltaudit.sk\/en\/#organization\"},\"potentialAction\":[{\"@type\":\"SearchAction\",\"target\":\"https:\/\/kltaudit.sk\/en\/?s={search_term_string}\",\"query-input\":\"required name=search_term_string\"}],\"inLanguage\":\"en-US\"},{\"@type\":\"WebPage\",\"@id\":\"https:\/\/kltaudit.sk\/en\/predpisy-v-oblasti-uctovnictva\/#webpage\",\"url\":\"https:\/\/kltaudit.sk\/en\/predpisy-v-oblasti-uctovnictva\/\",\"name\":\"Predpisy v oblasti \\u00fa\\u010dtovn\\u00edctva\",\"isPartOf\":{\"@id\":\"https:\/\/kltaudit.sk\/en\/#website\"},\"datePublished\":\"2015-09-25T07:53:09+00:00\",\"dateModified\":\"2016-04-25T16:04:06+00:00\",\"description\":\"Predpisy v oblasti \\u00fa\\u010dtovn\\u00edctva\",\"inLanguage\":\"en-US\",\"potentialAction\":[{\"@type\":\"ReadAction\",\"target\":[\"https:\/\/kltaudit.sk\/en\/predpisy-v-oblasti-uctovnictva\/\"]}]}]}<\/script>\n<!-- \/ Yoast SEO plugin. -->","_links":{"self":[{"href":"https:\/\/kltaudit.sk\/en\/wp-json\/wp\/v2\/pages\/7140"}],"collection":[{"href":"https:\/\/kltaudit.sk\/en\/wp-json\/wp\/v2\/pages"}],"about":[{"href":"https:\/\/kltaudit.sk\/en\/wp-json\/wp\/v2\/types\/page"}],"author":[{"embeddable":true,"href":"https:\/\/kltaudit.sk\/en\/wp-json\/wp\/v2\/users\/2"}],"replies":[{"embeddable":true,"href":"https:\/\/kltaudit.sk\/en\/wp-json\/wp\/v2\/comments?post=7140"}],"version-history":[{"count":39,"href":"https:\/\/kltaudit.sk\/en\/wp-json\/wp\/v2\/pages\/7140\/revisions"}],"predecessor-version":[{"id":7754,"href":"https:\/\/kltaudit.sk\/en\/wp-json\/wp\/v2\/pages\/7140\/revisions\/7754"}],"wp:attachment":[{"href":"https:\/\/kltaudit.sk\/en\/wp-json\/wp\/v2\/media?parent=7140"}],"curies":[{"name":"wp","href":"https:\/\/api.w.org\/{rel}","templated":true}]}}