{"id":7346,"date":"2015-10-22T07:55:32","date_gmt":"2015-10-22T07:55:32","guid":{"rendered":"http:\/\/kltaudit.sk\/?page_id=7346"},"modified":"2015-12-11T18:26:56","modified_gmt":"2015-12-11T18:26:56","slug":"audit","status":"publish","type":"page","link":"https:\/\/kltaudit.sk\/en\/audit\/","title":{"rendered":"Audit Services"},"content":{"rendered":"<p>An independent audit conducted by KLT AUDIT, in accordance with the International Standards on Auditing (ISA), and in accordance with the Code of Ethics for Professional Accountants, is the medium that ensures the credibility of published information, on which not only shareholders but also other users of financial statements depend.<\/p>\n<p>&nbsp;<\/p>\n<p>We provide audit services to companies in various sectors of the business community, and also to organizations of the non-profit sector. We have long term experience in auditing companies operating in network industries. Our professional audit procedures derive from a thorough knowledge of the client and the industry in which he or she operates. In many cases, we perform detailed testing as part of the auditing techniques throughout the year. This allows for the continuous removal of obvious errors and systemic weaknesses in accounting and the controlled environment of the client. Our audit methodology further includes effective analytical testing, an in-depth focus on internal controls, and both internal and external business risks. In the case where we identify risk areas, we provide the client with a set of recommendations aimed at improving their business.<\/p>\n<p>&nbsp;<\/p>\n<p>The basic outcome of the statutory audit is the report drawn up according to international standards containing the opinion of an independent auditor on the published financial information with a high level of assurance.<\/p>\n<p>&nbsp;<\/p>\n<p>In addition to the statutory audit of individual, extraordinary and consolidated financial statements, prepared in accordance with the Act on Accounting and IAS\/IFRS, KLT AUDIT also provides its clients with other services in order to verify financial information, the performance of approved procedures and assurance in specific areas.<\/p>","protected":false},"excerpt":{"rendered":"<p>An independent audit conducted by KLT AUDIT, in accordance with the International Standards on Auditing (ISA), and in accordance with the Code of Ethics for Professional Accountants, is the medium that ensures the credibility of published information, on which not only shareholders but also other users of financial statements depend. &nbsp; We provide audit services [&hellip;]<\/p>\n","protected":false},"author":2,"featured_media":0,"parent":0,"menu_order":0,"comment_status":"closed","ping_status":"closed","template":"","meta":[],"yoast_head":"<!-- This site is optimized with the Yoast SEO plugin v14.9 - https:\/\/yoast.com\/wordpress\/plugins\/seo\/ -->\n<title>AUD\u00cdTORSKE SLU\u017dBY<\/title>\n<meta name=\"description\" content=\"Aud\u00edtorsk\u00e9 slu\u017eby poskytujeme spolo\u010dnostiam v r\u00f4znych odvetviach podnikate\u013eskej sf\u00e9ry, ale aj organiz\u00e1ci\u00e1m neziskov\u00e9ho sektora.\" \/>\n<meta name=\"robots\" content=\"index, follow, max-snippet:-1, max-image-preview:large, max-video-preview:-1\" \/>\n<link rel=\"canonical\" href=\"https:\/\/kltaudit.sk\/audit\/\" \/>\n<meta property=\"og:locale\" content=\"en_US\" \/>\n<meta property=\"og:type\" content=\"article\" \/>\n<meta property=\"og:title\" content=\"AUD\u00cdTORSKE SLU\u017dBY\" \/>\n<meta property=\"og:description\" content=\"Aud\u00edtorsk\u00e9 slu\u017eby poskytujeme spolo\u010dnostiam v r\u00f4znych odvetviach podnikate\u013eskej sf\u00e9ry, ale aj organiz\u00e1ci\u00e1m neziskov\u00e9ho sektora.\" \/>\n<meta property=\"og:url\" content=\"https:\/\/kltaudit.sk\/audit\/\" \/>\n<meta property=\"og:site_name\" content=\"KLT AUDIT, spol. s r. o.\" \/>\n<meta property=\"article:publisher\" content=\"https:\/\/www.facebook.com\/KLTAUDIT\/\" \/>\n<meta property=\"article:modified_time\" content=\"2015-12-11T18:26:56+00:00\" \/>\n<meta property=\"fb:app_id\" content=\"927372147335844\" \/>\n<meta name=\"twitter:card\" content=\"summary\" \/>\n<script type=\"application\/ld+json\" class=\"yoast-schema-graph\">{\"@context\":\"https:\/\/schema.org\",\"@graph\":[{\"@type\":\"Organization\",\"@id\":\"https:\/\/kltaudit.sk\/en\/#organization\",\"name\":\"KLT AUDIT, spol. s r. o.\",\"url\":\"https:\/\/kltaudit.sk\/en\/\",\"sameAs\":[\"https:\/\/www.facebook.com\/KLTAUDIT\/\",\"https:\/\/www.linkedin.com\/company\/klt-audit-spol--s-r--o-\"],\"logo\":{\"@type\":\"ImageObject\",\"@id\":\"https:\/\/kltaudit.sk\/en\/#logo\",\"inLanguage\":\"en-US\",\"url\":\"https:\/\/kltaudit.sk\/wp-content\/uploads\/2015\/12\/logo.png\",\"width\":221,\"height\":32,\"caption\":\"KLT AUDIT, spol. s r. o.\"},\"image\":{\"@id\":\"https:\/\/kltaudit.sk\/en\/#logo\"}},{\"@type\":\"WebSite\",\"@id\":\"https:\/\/kltaudit.sk\/en\/#website\",\"url\":\"https:\/\/kltaudit.sk\/en\/\",\"name\":\"KLT AUDIT, spol. s r. o.\",\"description\":\"Najd\\u00f4le\\u017eitej\\u0161ia je kvalita a \\u00faspora V\\u00e1\\u0161ho \\u010dasu!\",\"publisher\":{\"@id\":\"https:\/\/kltaudit.sk\/en\/#organization\"},\"potentialAction\":[{\"@type\":\"SearchAction\",\"target\":\"https:\/\/kltaudit.sk\/en\/?s={search_term_string}\",\"query-input\":\"required name=search_term_string\"}],\"inLanguage\":\"en-US\"},{\"@type\":\"WebPage\",\"@id\":\"https:\/\/kltaudit.sk\/audit\/#webpage\",\"url\":\"https:\/\/kltaudit.sk\/audit\/\",\"name\":\"AUD\\u00cdTORSKE SLU\\u017dBY\",\"isPartOf\":{\"@id\":\"https:\/\/kltaudit.sk\/en\/#website\"},\"datePublished\":\"2015-10-22T07:55:32+00:00\",\"dateModified\":\"2015-12-11T18:26:56+00:00\",\"description\":\"Aud\\u00edtorsk\\u00e9 slu\\u017eby poskytujeme spolo\\u010dnostiam v r\\u00f4znych odvetviach podnikate\\u013eskej sf\\u00e9ry, ale aj organiz\\u00e1ci\\u00e1m neziskov\\u00e9ho sektora.\",\"inLanguage\":\"en-US\",\"potentialAction\":[{\"@type\":\"ReadAction\",\"target\":[\"https:\/\/kltaudit.sk\/audit\/\"]}]}]}<\/script>\n<!-- \/ Yoast SEO plugin. -->","_links":{"self":[{"href":"https:\/\/kltaudit.sk\/en\/wp-json\/wp\/v2\/pages\/7346"}],"collection":[{"href":"https:\/\/kltaudit.sk\/en\/wp-json\/wp\/v2\/pages"}],"about":[{"href":"https:\/\/kltaudit.sk\/en\/wp-json\/wp\/v2\/types\/page"}],"author":[{"embeddable":true,"href":"https:\/\/kltaudit.sk\/en\/wp-json\/wp\/v2\/users\/2"}],"replies":[{"embeddable":true,"href":"https:\/\/kltaudit.sk\/en\/wp-json\/wp\/v2\/comments?post=7346"}],"version-history":[{"count":4,"href":"https:\/\/kltaudit.sk\/en\/wp-json\/wp\/v2\/pages\/7346\/revisions"}],"predecessor-version":[{"id":7577,"href":"https:\/\/kltaudit.sk\/en\/wp-json\/wp\/v2\/pages\/7346\/revisions\/7577"}],"wp:attachment":[{"href":"https:\/\/kltaudit.sk\/en\/wp-json\/wp\/v2\/media?parent=7346"}],"curies":[{"name":"wp","href":"https:\/\/api.w.org\/{rel}","templated":true}]}}