{"id":7461,"date":"2015-11-07T21:38:06","date_gmt":"2015-11-07T21:38:06","guid":{"rendered":"http:\/\/kltaudit.sk\/?page_id=7461"},"modified":"2015-12-11T18:26:00","modified_gmt":"2015-12-11T18:26:00","slug":"nasi-klienti","status":"publish","type":"page","link":"https:\/\/kltaudit.sk\/en\/nasi-klienti\/","title":{"rendered":"Our clients"},"content":{"rendered":"<p><div class=\"vc_row wpb_row vc_row-fluid\">\n\t<div class=\"vc_col-sm-12 wpb_column vc_column_container\">\n\t\t<div class=\"wpb_wrapper\">\n\t\t\t\n\t<div class=\"wpb_text_column wpb_content_element \">\n\t\t<div class=\"wpb_wrapper\">\n\t\t\t<p>The quality of our work has been appreciated by the most important Slovak companies. In our current practice, the most important clients of our auditing, bookkeeping and consulting services include:<\/p>\n\n\t\t<\/div> \n\t<\/div> \n\t\t<\/div> \n\t<\/div> \n<\/div><div class=\"vc_row wpb_row vc_row-fluid\">\n\t<div class=\"vc_col-sm-12 wpb_column vc_column_container\">\n\t\t<div class=\"wpb_wrapper\">\n\t\t\t<style>#indeed_carousel_view_widget_7704 ul{text-align: center;}\n\t\t\t@media only screen and (max-width: 479px) {\n\t\t\t\t\t#indeed_carousel_view_widget_7704 ul li{\n\t\t\t\t\twidth: calc(100% - 1px) !important;\n\t\t\t\t}\n\t\t\t}\n\t\n\t\t\t@media only screen and (min-width: 480px) and (max-width: 767px){\n\t\t\t\t#indeed_carousel_view_widget_7704 ul li{\n\t\t\t\t\t\twidth: calc(50% - 1px) !important;\n\t\t\t\t\t}\n\t\t\t\t}\n\t\t\t.imc_wrapp ul li { margin-bottom: 10px !important }\r\n.imc-logo-wrapper { border: 1px solid #ddd !important }<\/style><script><\/script><link rel=\"stylesheet\" href=\"https:\/\/kltaudit.sk\/wp-content\/plugins\/indeed-my-logos-vc\/themes\/theme_1\/style.css\" type=\"text\/css\" media=\"all\"><link rel=\"stylesheet\" href=\"https:\/\/kltaudit.sk\/wp-content\/plugins\/indeed-my-logos-vc\/files\/css\/effect_style.css\" type=\"text\/css\" media=\"all\"\/><div class='theme_1 pag-theme1'><div class='imc_wrapp'><div class='imc_content_cl' id='indeed_carousel_view_widget_7704' ><ul id='indeed_ul_7704_1' class=''><li style='width: calc(16.666666666667% - 1px);' class=' indeed-animated-effect'>\n<div class=\"imc-logo-wrapper tool_tip_set\" title=\"\" style=\"padding-top: 50%;\">\n <a ><div class=\"imc-logo\" style=\"background-image: url(https:\/\/kltaudit.sk\/wp-content\/uploads\/2015\/11\/Kame\u0148olomy-a-\u0161trkopieskovne-a.-s..png);\"><\/div><\/a>\n <div class=\"imc-client-name\">\n \t\n <\/div>\n<\/div>\n<\/li><li style='width: calc(16.666666666667% - 1px);' class=' indeed-animated-effect'>\n<div class=\"imc-logo-wrapper tool_tip_set\" title=\"\" style=\"padding-top: 50%;\">\n <a ><div class=\"imc-logo\" style=\"background-image: url(https:\/\/kltaudit.sk\/wp-content\/uploads\/2015\/11\/M-EXPRES-SPED-spol.-s-r.-o..png);\"><\/div><\/a>\n <div class=\"imc-client-name\">\n \t\n <\/div>\n<\/div>\n<\/li><li style='width: calc(16.666666666667% - 1px);' class=' indeed-animated-effect'>\n<div class=\"imc-logo-wrapper tool_tip_set\" title=\"\" style=\"padding-top: 50%;\">\n <a ><div class=\"imc-logo\" style=\"background-image: url(https:\/\/kltaudit.sk\/wp-content\/uploads\/2015\/11\/ART-CLUB-s.-r.-o..png);\"><\/div><\/a>\n <div class=\"imc-client-name\">\n \t\n <\/div>\n<\/div>\n<\/li><li style='width: calc(16.666666666667% - 1px);' class=' indeed-animated-effect'>\n<div class=\"imc-logo-wrapper tool_tip_set\" title=\"\" style=\"padding-top: 50%;\">\n <a ><div class=\"imc-logo\" style=\"background-image: url(https:\/\/kltaudit.sk\/wp-content\/uploads\/2015\/11\/Burza-cenn\u00fdch-papierov-v-Bratislave-a.-s..png);\"><\/div><\/a>\n <div class=\"imc-client-name\">\n \t\n <\/div>\n<\/div>\n<\/li><li style='width: calc(16.666666666667% - 1px);' class=' indeed-animated-effect'>\n<div class=\"imc-logo-wrapper tool_tip_set\" title=\"\" style=\"padding-top: 50%;\">\n <a ><div class=\"imc-logo\" style=\"background-image: url(https:\/\/kltaudit.sk\/wp-content\/uploads\/2015\/11\/COOP-VOZ-a.-s..gif);\"><\/div><\/a>\n <div class=\"imc-client-name\">\n \t\n <\/div>\n<\/div>\n<\/li><li style='width: calc(16.666666666667% - 1px);' class=' indeed-animated-effect'>\n<div class=\"imc-logo-wrapper tool_tip_set\" title=\"\" style=\"padding-top: 50%;\">\n <a ><div class=\"imc-logo\" style=\"background-image: url(https:\/\/kltaudit.sk\/wp-content\/uploads\/2015\/11\/ETA-Slovakia-spol.-s-r.-o..jpg);\"><\/div><\/a>\n <div class=\"imc-client-name\">\n \t\n <\/div>\n<\/div>\n<\/li><li style='width: calc(16.666666666667% - 1px);' class=' indeed-animated-effect'>\n<div class=\"imc-logo-wrapper tool_tip_set\" title=\"\" style=\"padding-top: 50%;\">\n <a ><div class=\"imc-logo\" style=\"background-image: url(https:\/\/kltaudit.sk\/wp-content\/uploads\/2015\/11\/Cord-Blood-Center-s.-r.-o.-2.jpg);\"><\/div><\/a>\n <div class=\"imc-client-name\">\n \t\n <\/div>\n<\/div>\n<\/li><li style='width: calc(16.666666666667% - 1px);' class=' indeed-animated-effect'>\n<div class=\"imc-logo-wrapper tool_tip_set\" title=\"\" style=\"padding-top: 50%;\">\n <a ><div class=\"imc-logo\" style=\"background-image: url(https:\/\/kltaudit.sk\/wp-content\/uploads\/2015\/11\/SAD-Tren\u010d\u00edn-a.-s..png);\"><\/div><\/a>\n <div class=\"imc-client-name\">\n \t\n <\/div>\n<\/div>\n<\/li><li style='width: calc(16.666666666667% - 1px);' class=' indeed-animated-effect'>\n<div class=\"imc-logo-wrapper tool_tip_set\" title=\"\" style=\"padding-top: 50%;\">\n <a ><div class=\"imc-logo\" style=\"background-image: url(https:\/\/kltaudit.sk\/wp-content\/uploads\/2015\/11\/EUROCORD-SLOVAKIA-ob\u010dianske-zdru\u017eenie.png);\"><\/div><\/a>\n <div class=\"imc-client-name\">\n \t\n <\/div>\n<\/div>\n<\/li><li style='width: calc(16.666666666667% - 1px);' class=' indeed-animated-effect'>\n<div class=\"imc-logo-wrapper tool_tip_set\" title=\"\" style=\"padding-top: 50%;\">\n <a ><div class=\"imc-logo\" style=\"background-image: url(https:\/\/kltaudit.sk\/wp-content\/uploads\/2015\/11\/AUTOTIP-s.-r.-o..jpg);\"><\/div><\/a>\n <div class=\"imc-client-name\">\n \t\n <\/div>\n<\/div>\n<\/li><li style='width: calc(16.666666666667% - 1px);' class=' indeed-animated-effect'>\n<div class=\"imc-logo-wrapper tool_tip_set\" title=\"\" style=\"padding-top: 50%;\">\n <a ><div class=\"imc-logo\" style=\"background-image: url(https:\/\/kltaudit.sk\/wp-content\/uploads\/2015\/11\/Panalpina-Slovakia-s.-r.-o..jpg);\"><\/div><\/a>\n <div class=\"imc-client-name\">\n \t\n <\/div>\n<\/div>\n<\/li><li style='width: calc(16.666666666667% - 1px);' class=' indeed-animated-effect'>\n<div class=\"imc-logo-wrapper tool_tip_set\" title=\"\" style=\"padding-top: 50%;\">\n <a ><div class=\"imc-logo\" style=\"background-image: url(https:\/\/kltaudit.sk\/wp-content\/uploads\/2015\/11\/Stredoslovensk\u00e1-vod\u00e1rensk\u00e1-prev\u00e1dzkov\u00e1-spolo\u010dnos\u0165-a.-s..png);\"><\/div><\/a>\n <div class=\"imc-client-name\">\n \t\n <\/div>\n<\/div>\n<\/li><li style='width: calc(16.666666666667% - 1px);' class=' indeed-animated-effect'>\n<div class=\"imc-logo-wrapper tool_tip_set\" title=\"\" style=\"padding-top: 50%;\">\n <a ><div class=\"imc-logo\" style=\"background-image: url(https:\/\/kltaudit.sk\/wp-content\/uploads\/2015\/11\/FC-Spartak-a.-s..png);\"><\/div><\/a>\n <div class=\"imc-client-name\">\n \t\n <\/div>\n<\/div>\n<\/li><li style='width: calc(16.666666666667% - 1px);' class=' indeed-animated-effect'>\n<div class=\"imc-logo-wrapper tool_tip_set\" title=\"\" style=\"padding-top: 50%;\">\n <a ><div class=\"imc-logo\" style=\"background-image: url(https:\/\/kltaudit.sk\/wp-content\/uploads\/2015\/11\/Trnavsk\u00e1-NAD-a.-s..gif);\"><\/div><\/a>\n <div class=\"imc-client-name\">\n \t\n <\/div>\n<\/div>\n<\/li><li style='width: calc(16.666666666667% - 1px);' class=' indeed-animated-effect'>\n<div class=\"imc-logo-wrapper tool_tip_set\" title=\"\" style=\"padding-top: 50%;\">\n <a ><div class=\"imc-logo\" style=\"background-image: url(https:\/\/kltaudit.sk\/wp-content\/uploads\/2015\/11\/SAD-\u017dilina-a.-s..png);\"><\/div><\/a>\n <div class=\"imc-client-name\">\n \t\n <\/div>\n<\/div>\n<\/li><li style='width: calc(16.666666666667% - 1px);' class=' indeed-animated-effect'>\n<div class=\"imc-logo-wrapper tool_tip_set\" title=\"\" style=\"padding-top: 50%;\">\n <a ><div class=\"imc-logo\" style=\"background-image: url(https:\/\/kltaudit.sk\/wp-content\/uploads\/2015\/11\/Podtatransk\u00e1-prev\u00e1dzkov\u00e1-vod\u00e1rensk\u00e1-spolo\u010dnos\u0165-a.-s..jpg);\"><\/div><\/a>\n <div class=\"imc-client-name\">\n \t\n <\/div>\n<\/div>\n<\/li><li style='width: calc(16.666666666667% - 1px);' class=' indeed-animated-effect'>\n<div class=\"imc-logo-wrapper tool_tip_set\" title=\"\" style=\"padding-top: 50%;\">\n <a ><div class=\"imc-logo\" style=\"background-image: url(https:\/\/kltaudit.sk\/wp-content\/uploads\/2015\/11\/Podtatransk\u00e1-vod\u00e1rensk\u00e1-spolo\u010dnos\u0165-a.-s..jpg);\"><\/div><\/a>\n <div class=\"imc-client-name\">\n \t\n <\/div>\n<\/div>\n<\/li><li style='width: calc(16.666666666667% - 1px);' class=' indeed-animated-effect'>\n<div class=\"imc-logo-wrapper tool_tip_set\" title=\"\" style=\"padding-top: 50%;\">\n <a ><div class=\"imc-logo\" style=\"background-image: url(https:\/\/kltaudit.sk\/wp-content\/uploads\/2015\/11\/V\u00cdNO-DIOUS-spol.-s-r.-o..png);\"><\/div><\/a>\n <div class=\"imc-client-name\">\n \t\n <\/div>\n<\/div>\n<\/li><li style='width: calc(16.666666666667% - 1px);' class=' indeed-animated-effect'>\n<div class=\"imc-logo-wrapper tool_tip_set\" title=\"\" style=\"padding-top: 50%;\">\n <a ><div class=\"imc-logo\" style=\"background-image: url(https:\/\/kltaudit.sk\/wp-content\/uploads\/2015\/11\/TIR-PETROLEUM-s.-r.-o..gif);\"><\/div><\/a>\n <div class=\"imc-client-name\">\n \t\n <\/div>\n<\/div>\n<\/li><li style='width: calc(16.666666666667% - 1px);' class=' indeed-animated-effect'>\n<div class=\"imc-logo-wrapper tool_tip_set\" title=\"\" style=\"padding-top: 50%;\">\n <a ><div class=\"imc-logo\" style=\"background-image: url(https:\/\/kltaudit.sk\/wp-content\/uploads\/2015\/11\/TPHOLZ-s.-r.-o..gif);\"><\/div><\/a>\n <div class=\"imc-client-name\">\n \t\n <\/div>\n<\/div>\n<\/li><li style='width: calc(16.666666666667% - 1px);' class=' indeed-animated-effect'>\n<div class=\"imc-logo-wrapper tool_tip_set\" title=\"\" style=\"padding-top: 50%;\">\n <a ><div class=\"imc-logo\" style=\"background-image: url(https:\/\/kltaudit.sk\/wp-content\/uploads\/2015\/11\/M-a-H-spol.-s-r.-o..gif);\"><\/div><\/a>\n <div class=\"imc-client-name\">\n \t\n <\/div>\n<\/div>\n<\/li><li style='width: calc(16.666666666667% - 1px);' class=' indeed-animated-effect'>\n<div class=\"imc-logo-wrapper tool_tip_set\" title=\"\" style=\"padding-top: 50%;\">\n <a ><div class=\"imc-logo\" style=\"background-image: url(https:\/\/kltaudit.sk\/wp-content\/uploads\/2015\/11\/Trnavsk\u00e1-tepl\u00e1rensk\u00e1-a.-s..png);\"><\/div><\/a>\n <div class=\"imc-client-name\">\n \t\n <\/div>\n<\/div>\n<\/li><li style='width: calc(16.666666666667% - 1px);' class=' indeed-animated-effect'>\n<div class=\"imc-logo-wrapper tool_tip_set\" title=\"\" style=\"padding-top: 50%;\">\n <a ><div class=\"imc-logo\" style=\"background-image: url(https:\/\/kltaudit.sk\/wp-content\/uploads\/2015\/11\/\u0160t\u00fadio-K.F.A.-architekt\u00fara-a-desing-spol.-s-r.-o..jpg);\"><\/div><\/a>\n <div class=\"imc-client-name\">\n \t\n <\/div>\n<\/div>\n<\/li><li style='width: calc(16.666666666667% - 1px);' class=' indeed-animated-effect'>\n<div class=\"imc-logo-wrapper tool_tip_set\" title=\"\" style=\"padding-top: 50%;\">\n <a ><div class=\"imc-logo\" style=\"background-image: url(https:\/\/kltaudit.sk\/wp-content\/uploads\/2015\/11\/Po\u013enohospod\u00e1rske-dru\u017estvo-Strekov.png);\"><\/div><\/a>\n <div class=\"imc-client-name\">\n \t\n <\/div>\n<\/div>\n<\/li><li style='width: calc(16.666666666667% - 1px);' class=' indeed-animated-effect'>\n<div class=\"imc-logo-wrapper tool_tip_set\" title=\"\" style=\"padding-top: 50%;\">\n <a ><div class=\"imc-logo\" style=\"background-image: url(https:\/\/kltaudit.sk\/wp-content\/uploads\/2015\/11\/Mestsk\u00e1-dopravn\u00e1-spolo\u010dnos\u0165-a.-s..png);\"><\/div><\/a>\n <div class=\"imc-client-name\">\n \t\n <\/div>\n<\/div>\n<\/li><li style='width: calc(16.666666666667% - 1px);' class=' indeed-animated-effect'>\n<div class=\"imc-logo-wrapper tool_tip_set\" title=\"\" style=\"padding-top: 50%;\">\n <a ><div class=\"imc-logo\" style=\"background-image: url(https:\/\/kltaudit.sk\/wp-content\/uploads\/2015\/11\/Stredoslovensk\u00e1-vod\u00e1rensk\u00e1-spolo\u010dnos\u0165-a.-s.-1.jpg);\"><\/div><\/a>\n <div class=\"imc-client-name\">\n \t\n <\/div>\n<\/div>\n<\/li><div class='clear'><\/div><\/ul><\/div><\/div><\/div>\n\t\t<\/div> \n\t<\/div> \n<\/div><\/p>","protected":false},"excerpt":{"rendered":"The quality of our work has been appreciated by the most important Slovak companies. In our current practice, the most important clients of our auditing, bookkeeping and consulting services include: #indeed_carousel_view_widget_4331 ul{text-align: center;} @media only screen and (max-width: 479px) { #indeed_carousel_view_widget_4331 ul li{ width: calc(100% - 1px) !important; } } @media only screen and (min-width: [...]","protected":false},"author":1,"featured_media":0,"parent":0,"menu_order":0,"comment_status":"closed","ping_status":"closed","template":"","meta":[],"yoast_head":"<!-- This site is optimized with the Yoast SEO plugin v14.9 - https:\/\/yoast.com\/wordpress\/plugins\/seo\/ -->\n<title>Na\u0161i klienti<\/title>\n<meta name=\"description\" content=\"V na\u0161ej doteraj\u0161ej praxi medzi najv\u00fdznamnej\u0161\u00edch klientov auditu, \u00fa\u010dtovn\u00edctva a poradenstva patria:\" \/>\n<meta name=\"robots\" content=\"index, follow, max-snippet:-1, max-image-preview:large, max-video-preview:-1\" \/>\n<link rel=\"canonical\" href=\"https:\/\/kltaudit.sk\/nasi-klienti\/\" \/>\n<meta property=\"og:locale\" content=\"en_US\" \/>\n<meta property=\"og:type\" content=\"article\" \/>\n<meta property=\"og:title\" content=\"Na\u0161i klienti\" \/>\n<meta property=\"og:description\" content=\"V na\u0161ej doteraj\u0161ej praxi medzi najv\u00fdznamnej\u0161\u00edch klientov auditu, \u00fa\u010dtovn\u00edctva a poradenstva patria:\" \/>\n<meta property=\"og:url\" content=\"https:\/\/kltaudit.sk\/nasi-klienti\/\" \/>\n<meta property=\"og:site_name\" content=\"KLT AUDIT, spol. s r. o.\" \/>\n<meta property=\"article:publisher\" content=\"https:\/\/www.facebook.com\/KLTAUDIT\/\" \/>\n<meta property=\"article:modified_time\" content=\"2015-12-11T18:26:00+00:00\" \/>\n<meta property=\"fb:app_id\" content=\"927372147335844\" \/>\n<meta name=\"twitter:card\" content=\"summary\" \/>\n<script type=\"application\/ld+json\" class=\"yoast-schema-graph\">{\"@context\":\"https:\/\/schema.org\",\"@graph\":[{\"@type\":\"Organization\",\"@id\":\"https:\/\/kltaudit.sk\/en\/#organization\",\"name\":\"KLT AUDIT, spol. s r. o.\",\"url\":\"https:\/\/kltaudit.sk\/en\/\",\"sameAs\":[\"https:\/\/www.facebook.com\/KLTAUDIT\/\",\"https:\/\/www.linkedin.com\/company\/klt-audit-spol--s-r--o-\"],\"logo\":{\"@type\":\"ImageObject\",\"@id\":\"https:\/\/kltaudit.sk\/en\/#logo\",\"inLanguage\":\"en-US\",\"url\":\"https:\/\/kltaudit.sk\/wp-content\/uploads\/2015\/12\/logo.png\",\"width\":221,\"height\":32,\"caption\":\"KLT AUDIT, spol. s r. o.\"},\"image\":{\"@id\":\"https:\/\/kltaudit.sk\/en\/#logo\"}},{\"@type\":\"WebSite\",\"@id\":\"https:\/\/kltaudit.sk\/en\/#website\",\"url\":\"https:\/\/kltaudit.sk\/en\/\",\"name\":\"KLT AUDIT, spol. s r. o.\",\"description\":\"Najd\\u00f4le\\u017eitej\\u0161ia je kvalita a \\u00faspora V\\u00e1\\u0161ho \\u010dasu!\",\"publisher\":{\"@id\":\"https:\/\/kltaudit.sk\/en\/#organization\"},\"potentialAction\":[{\"@type\":\"SearchAction\",\"target\":\"https:\/\/kltaudit.sk\/en\/?s={search_term_string}\",\"query-input\":\"required name=search_term_string\"}],\"inLanguage\":\"en-US\"},{\"@type\":\"WebPage\",\"@id\":\"https:\/\/kltaudit.sk\/nasi-klienti\/#webpage\",\"url\":\"https:\/\/kltaudit.sk\/nasi-klienti\/\",\"name\":\"Na\\u0161i klienti\",\"isPartOf\":{\"@id\":\"https:\/\/kltaudit.sk\/en\/#website\"},\"datePublished\":\"2015-11-07T21:38:06+00:00\",\"dateModified\":\"2015-12-11T18:26:00+00:00\",\"description\":\"V na\\u0161ej doteraj\\u0161ej praxi medzi najv\\u00fdznamnej\\u0161\\u00edch klientov auditu, \\u00fa\\u010dtovn\\u00edctva a poradenstva patria:\",\"inLanguage\":\"en-US\",\"potentialAction\":[{\"@type\":\"ReadAction\",\"target\":[\"https:\/\/kltaudit.sk\/nasi-klienti\/\"]}]}]}<\/script>\n<!-- \/ Yoast SEO plugin. -->","_links":{"self":[{"href":"https:\/\/kltaudit.sk\/en\/wp-json\/wp\/v2\/pages\/7461"}],"collection":[{"href":"https:\/\/kltaudit.sk\/en\/wp-json\/wp\/v2\/pages"}],"about":[{"href":"https:\/\/kltaudit.sk\/en\/wp-json\/wp\/v2\/types\/page"}],"author":[{"embeddable":true,"href":"https:\/\/kltaudit.sk\/en\/wp-json\/wp\/v2\/users\/1"}],"replies":[{"embeddable":true,"href":"https:\/\/kltaudit.sk\/en\/wp-json\/wp\/v2\/comments?post=7461"}],"version-history":[{"count":3,"href":"https:\/\/kltaudit.sk\/en\/wp-json\/wp\/v2\/pages\/7461\/revisions"}],"predecessor-version":[{"id":7544,"href":"https:\/\/kltaudit.sk\/en\/wp-json\/wp\/v2\/pages\/7461\/revisions\/7544"}],"wp:attachment":[{"href":"https:\/\/kltaudit.sk\/en\/wp-json\/wp\/v2\/media?parent=7461"}],"curies":[{"name":"wp","href":"https:\/\/api.w.org\/{rel}","templated":true}]}}