{"id":7528,"date":"2015-11-13T16:36:15","date_gmt":"2015-11-13T16:36:15","guid":{"rendered":"http:\/\/kltaudit.sk\/?page_id=7528"},"modified":"2016-04-25T15:43:18","modified_gmt":"2016-04-25T15:43:18","slug":"neziskovy-sektor","status":"publish","type":"page","link":"https:\/\/kltaudit.sk\/en\/neziskovy-sektor\/","title":{"rendered":"Non-profit sector"},"content":{"rendered":"<p><strong><\/p>\n<h2>Regulations for non-governmental organizations (non-profit sector)<\/h2>\n<p><\/strong><br \/>\n<\/b><\/p>\n<p><a href=\"https:\/\/www.slov-lex.sk\/pravne-predpisy\/SK\/ZZ\/1997\/213\/20151215\" target=\"_blank\">Act No. 213\/1997 Coll. on Non-Profit Organizations Providing Community Services, as amended<\/a><br \/>\n<\/b><\/p>\n<p><a href=\"https:\/\/www.slov-lex.sk\/pravne-predpisy\/SK\/ZZ\/1990\/83\/20090901\" target=\"_blank\">Act No. 83\/1990 Coll. on the Association of Citizens, as amended<\/a><br \/>\n<\/b><\/p>\n<p><a href=\"https:\/\/www.slov-lex.sk\/pravne-predpisy\/SK\/ZZ\/2002\/34\/20151101\" target=\"_blank\">Act No. 34\/2002 Coll. on the Foundations of and Consequential Amendments to the Civil Code, and on amendments and supplements to certain acts, as amended<\/a><br \/>\n<\/b><\/p>\n<p><a href=\"https:\/\/www.slov-lex.sk\/pravne-predpisy\/SK\/ZZ\/1997\/147\/20151101\" target=\"_blank\">Decree No. 147\/1997 Coll. Non-Investment Funds and the amending Act No. 207\/1996 Coll., as amended<\/a><br \/>\n<\/b><\/p>","protected":false},"excerpt":{"rendered":"<p>Regulations for non-governmental organizations (non-profit sector) Act No. 213\/1997 Coll. on Non-Profit Organizations Providing Community Services, as amended Act No. 83\/1990 Coll. on the Association of Citizens, as amended Act No. 34\/2002 Coll. on the Foundations of and Consequential Amendments to the Civil Code, and on amendments and supplements to certain acts, as amended Decree [&hellip;]<\/p>\n","protected":false},"author":2,"featured_media":0,"parent":0,"menu_order":0,"comment_status":"closed","ping_status":"closed","template":"","meta":[],"yoast_head":"<!-- This site is optimized with the Yoast SEO plugin v14.9 - https:\/\/yoast.com\/wordpress\/plugins\/seo\/ -->\n<title>Predpisy pre mimovl\u00e1dne organiz\u00e1cie (neziskov\u00fd sektor)<\/title>\n<meta name=\"description\" content=\"Predpisy pre mimovl\u00e1dne organiz\u00e1cie (neziskov\u00fd sektor)\" \/>\n<meta name=\"robots\" content=\"index, follow, max-snippet:-1, max-image-preview:large, max-video-preview:-1\" \/>\n<link rel=\"canonical\" href=\"https:\/\/kltaudit.sk\/en\/neziskovy-sektor\/\" \/>\n<meta property=\"og:locale\" content=\"en_US\" \/>\n<meta property=\"og:type\" content=\"article\" \/>\n<meta property=\"og:title\" content=\"Predpisy pre mimovl\u00e1dne organiz\u00e1cie (neziskov\u00fd sektor)\" \/>\n<meta property=\"og:description\" content=\"Predpisy pre mimovl\u00e1dne organiz\u00e1cie (neziskov\u00fd sektor)\" \/>\n<meta property=\"og:url\" content=\"https:\/\/kltaudit.sk\/en\/neziskovy-sektor\/\" \/>\n<meta property=\"og:site_name\" content=\"KLT AUDIT, spol. s r. o.\" \/>\n<meta property=\"article:publisher\" content=\"https:\/\/www.facebook.com\/KLTAUDIT\/\" \/>\n<meta property=\"article:modified_time\" content=\"2016-04-25T15:43:18+00:00\" \/>\n<meta property=\"fb:app_id\" content=\"927372147335844\" \/>\n<meta name=\"twitter:card\" content=\"summary\" \/>\n<script type=\"application\/ld+json\" class=\"yoast-schema-graph\">{\"@context\":\"https:\/\/schema.org\",\"@graph\":[{\"@type\":\"Organization\",\"@id\":\"https:\/\/kltaudit.sk\/en\/#organization\",\"name\":\"KLT AUDIT, spol. s r. o.\",\"url\":\"https:\/\/kltaudit.sk\/en\/\",\"sameAs\":[\"https:\/\/www.facebook.com\/KLTAUDIT\/\",\"https:\/\/www.linkedin.com\/company\/klt-audit-spol--s-r--o-\"],\"logo\":{\"@type\":\"ImageObject\",\"@id\":\"https:\/\/kltaudit.sk\/en\/#logo\",\"inLanguage\":\"en-US\",\"url\":\"https:\/\/kltaudit.sk\/wp-content\/uploads\/2015\/12\/logo.png\",\"width\":221,\"height\":32,\"caption\":\"KLT AUDIT, spol. s r. o.\"},\"image\":{\"@id\":\"https:\/\/kltaudit.sk\/en\/#logo\"}},{\"@type\":\"WebSite\",\"@id\":\"https:\/\/kltaudit.sk\/en\/#website\",\"url\":\"https:\/\/kltaudit.sk\/en\/\",\"name\":\"KLT AUDIT, spol. s r. o.\",\"description\":\"Najd\\u00f4le\\u017eitej\\u0161ia je kvalita a \\u00faspora V\\u00e1\\u0161ho \\u010dasu!\",\"publisher\":{\"@id\":\"https:\/\/kltaudit.sk\/en\/#organization\"},\"potentialAction\":[{\"@type\":\"SearchAction\",\"target\":\"https:\/\/kltaudit.sk\/en\/?s={search_term_string}\",\"query-input\":\"required name=search_term_string\"}],\"inLanguage\":\"en-US\"},{\"@type\":\"WebPage\",\"@id\":\"https:\/\/kltaudit.sk\/en\/neziskovy-sektor\/#webpage\",\"url\":\"https:\/\/kltaudit.sk\/en\/neziskovy-sektor\/\",\"name\":\"Predpisy pre mimovl\\u00e1dne organiz\\u00e1cie (neziskov\\u00fd sektor)\",\"isPartOf\":{\"@id\":\"https:\/\/kltaudit.sk\/en\/#website\"},\"datePublished\":\"2015-11-13T16:36:15+00:00\",\"dateModified\":\"2016-04-25T15:43:18+00:00\",\"description\":\"Predpisy pre mimovl\\u00e1dne organiz\\u00e1cie (neziskov\\u00fd sektor)\",\"inLanguage\":\"en-US\",\"potentialAction\":[{\"@type\":\"ReadAction\",\"target\":[\"https:\/\/kltaudit.sk\/en\/neziskovy-sektor\/\"]}]}]}<\/script>\n<!-- \/ Yoast SEO plugin. -->","_links":{"self":[{"href":"https:\/\/kltaudit.sk\/en\/wp-json\/wp\/v2\/pages\/7528"}],"collection":[{"href":"https:\/\/kltaudit.sk\/en\/wp-json\/wp\/v2\/pages"}],"about":[{"href":"https:\/\/kltaudit.sk\/en\/wp-json\/wp\/v2\/types\/page"}],"author":[{"embeddable":true,"href":"https:\/\/kltaudit.sk\/en\/wp-json\/wp\/v2\/users\/2"}],"replies":[{"embeddable":true,"href":"https:\/\/kltaudit.sk\/en\/wp-json\/wp\/v2\/comments?post=7528"}],"version-history":[{"count":6,"href":"https:\/\/kltaudit.sk\/en\/wp-json\/wp\/v2\/pages\/7528\/revisions"}],"predecessor-version":[{"id":7742,"href":"https:\/\/kltaudit.sk\/en\/wp-json\/wp\/v2\/pages\/7528\/revisions\/7742"}],"wp:attachment":[{"href":"https:\/\/kltaudit.sk\/en\/wp-json\/wp\/v2\/media?parent=7528"}],"curies":[{"name":"wp","href":"https:\/\/api.w.org\/{rel}","templated":true}]}}