{"id":86,"date":"2015-06-17T14:45:27","date_gmt":"2015-06-17T14:45:27","guid":{"rendered":"http:\/\/kltaudit.sk\/?page_id=86"},"modified":"2026-03-16T17:33:16","modified_gmt":"2026-03-16T17:33:16","slug":"sprava-o-transparentnosti","status":"publish","type":"page","link":"https:\/\/kltaudit.sk\/en\/sprava-o-transparentnosti\/","title":{"rendered":"Transparency Report"},"content":{"rendered":"<p><a href=\"http:\/\/kltaudit.sk\/wp-content\/uploads\/2023\/03\/Spra\u0301va-o-transparentnosti-2022.pdf\" target=\"_blank\" rel=\"noopener noreferrer\">Spr\u00e1va o transparentnosti 2022<\/a><br \/>\n<a href=\"https:\/\/kltaudit.sk\/wp-content\/uploads\/2023\/03\/Spra\u0301va-o-transparentnosti-2022.pdf\" class=\"pdfemb-viewer\" style=\"\" data-width=\"max\" data-height=\"max\"  data-toolbar=\"both\" data-toolbar-fixed=\"off\">Spra\u0301va-o-transparentnosti-2022<br\/><\/a><\/p>\n<p><a href=\"http:\/\/kltaudit.sk\/wp-content\/uploads\/2022\/03\/Sprava-o-transparentnosti-za-rok-2021.pdf\" target=\"_blank\" rel=\"noopener noreferrer\">Spr\u00e1va o transparentnosti 2021<\/a><\/p>\n<p><a href=\"http:\/\/kltaudit.sk\/wp-content\/uploads\/2021\/03\/Spra\u0301va-o-transparentnosti-2020.pdf\" target=\"_blank\" rel=\"noopener noreferrer\">Spr\u00e1va o transparentnosti 2020<\/a><\/p>\n<p><a href=\"http:\/\/kltaudit.sk\/wp-content\/uploads\/2020\/04\/Spra\u0301va-o-transparentnosti-za-rok-2019.pdf\" target=\"_blank\" rel=\"noopener noreferrer\">Spr\u00e1va o transparentnosti 2019<\/a><\/p>\n<p><a href=\"http:\/\/kltaudit.sk\/wp-content\/uploads\/2019\/04\/Spra\u0301va-o-transparentnosti-2018.pdf\" target=\"_blank\" rel=\"noopener noreferrer\">Spr\u00e1va o transparentnosti 2018<\/a><\/p>\n<p><a href=\"http:\/\/kltaudit.sk\/wp-content\/uploads\/2018\/04\/Spra\u0301va-o-transparentnosti-za-rok-2017.pdf\" target=\"_blank\" rel=\"noopener noreferrer\">Spr\u00e1va o transparentnosti 2017<\/a><\/p>\n<p><a href=\"http:\/\/kltaudit.sk\/wp-content\/uploads\/2017\/09\/Spra\u0301va-o-transparentnosti-KLT-AUDIT-za-2016.pdf\" target=\"_blank\" rel=\"noopener noreferrer\">Spr\u00e1va o transparentnosti 2016<\/a><\/p>\n<p><a href=\"http:\/\/kltaudit.sk\/wp-content\/uploads\/2017\/09\/Spra\u0301va-o-transparentnosti-KLT-AUDIT-za-2015.pdf\" target=\"_blank\" rel=\"noopener noreferrer\">Spr\u00e1va o transparentnosti 2015<\/a><\/p>","protected":false},"excerpt":{"rendered":"<p>Spr\u00e1va o transparentnosti 2022 Spr\u00e1va o transparentnosti 2021 Spr\u00e1va o transparentnosti 2020 Spr\u00e1va o transparentnosti 2019 Spr\u00e1va o transparentnosti 2018 Spr\u00e1va o transparentnosti 2017 Spr\u00e1va o transparentnosti 2016 Spr\u00e1va o transparentnosti 2015<\/p>\n","protected":false},"author":1,"featured_media":0,"parent":0,"menu_order":0,"comment_status":"open","ping_status":"open","template":"","meta":[],"yoast_head":"<!-- This site is optimized with the Yoast SEO plugin v14.9 - https:\/\/yoast.com\/wordpress\/plugins\/seo\/ -->\n<title>Spr\u00e1va o transparentnosti<\/title>\n<meta name=\"description\" content=\"Spr\u00e1va o transparentnosti\" \/>\n<meta name=\"robots\" content=\"index, follow, max-snippet:-1, max-image-preview:large, max-video-preview:-1\" \/>\n<link rel=\"canonical\" href=\"http:\/\/kltaudit.sk\/sprava-o-transparentnosti\/\" \/>\n<meta property=\"og:locale\" content=\"en_US\" \/>\n<meta property=\"og:type\" content=\"article\" \/>\n<meta property=\"og:title\" content=\"Spr\u00e1va o transparentnosti\" \/>\n<meta property=\"og:description\" content=\"Spr\u00e1va o transparentnosti\" \/>\n<meta property=\"og:url\" content=\"http:\/\/kltaudit.sk\/sprava-o-transparentnosti\/\" \/>\n<meta property=\"og:site_name\" content=\"KLT AUDIT, spol. s r. o.\" \/>\n<meta property=\"article:publisher\" content=\"https:\/\/www.facebook.com\/KLTAUDIT\/\" \/>\n<meta property=\"article:modified_time\" content=\"2026-03-16T17:33:16+00:00\" \/>\n<meta property=\"fb:app_id\" content=\"927372147335844\" \/>\n<meta name=\"twitter:card\" content=\"summary\" \/>\n<script type=\"application\/ld+json\" class=\"yoast-schema-graph\">{\"@context\":\"https:\/\/schema.org\",\"@graph\":[{\"@type\":\"Organization\",\"@id\":\"https:\/\/kltaudit.sk\/en\/#organization\",\"name\":\"KLT AUDIT, spol. s r. o.\",\"url\":\"https:\/\/kltaudit.sk\/en\/\",\"sameAs\":[\"https:\/\/www.facebook.com\/KLTAUDIT\/\",\"https:\/\/www.linkedin.com\/company\/klt-audit-spol--s-r--o-\"],\"logo\":{\"@type\":\"ImageObject\",\"@id\":\"https:\/\/kltaudit.sk\/en\/#logo\",\"inLanguage\":\"en-US\",\"url\":\"https:\/\/kltaudit.sk\/wp-content\/uploads\/2015\/12\/logo.png\",\"width\":221,\"height\":32,\"caption\":\"KLT AUDIT, spol. s r. o.\"},\"image\":{\"@id\":\"https:\/\/kltaudit.sk\/en\/#logo\"}},{\"@type\":\"WebSite\",\"@id\":\"https:\/\/kltaudit.sk\/en\/#website\",\"url\":\"https:\/\/kltaudit.sk\/en\/\",\"name\":\"KLT AUDIT, spol. s r. o.\",\"description\":\"Najd\\u00f4le\\u017eitej\\u0161ia je kvalita a \\u00faspora V\\u00e1\\u0161ho \\u010dasu!\",\"publisher\":{\"@id\":\"https:\/\/kltaudit.sk\/en\/#organization\"},\"potentialAction\":[{\"@type\":\"SearchAction\",\"target\":\"https:\/\/kltaudit.sk\/en\/?s={search_term_string}\",\"query-input\":\"required name=search_term_string\"}],\"inLanguage\":\"en-US\"},{\"@type\":\"WebPage\",\"@id\":\"http:\/\/kltaudit.sk\/sprava-o-transparentnosti\/#webpage\",\"url\":\"http:\/\/kltaudit.sk\/sprava-o-transparentnosti\/\",\"name\":\"Spr\\u00e1va o transparentnosti\",\"isPartOf\":{\"@id\":\"https:\/\/kltaudit.sk\/en\/#website\"},\"datePublished\":\"2015-06-17T14:45:27+00:00\",\"dateModified\":\"2026-03-16T17:33:16+00:00\",\"description\":\"Spr\\u00e1va o transparentnosti\",\"inLanguage\":\"en-US\",\"potentialAction\":[{\"@type\":\"ReadAction\",\"target\":[\"http:\/\/kltaudit.sk\/sprava-o-transparentnosti\/\"]}]}]}<\/script>\n<!-- \/ Yoast SEO plugin. -->","_links":{"self":[{"href":"https:\/\/kltaudit.sk\/en\/wp-json\/wp\/v2\/pages\/86"}],"collection":[{"href":"https:\/\/kltaudit.sk\/en\/wp-json\/wp\/v2\/pages"}],"about":[{"href":"https:\/\/kltaudit.sk\/en\/wp-json\/wp\/v2\/types\/page"}],"author":[{"embeddable":true,"href":"https:\/\/kltaudit.sk\/en\/wp-json\/wp\/v2\/users\/1"}],"replies":[{"embeddable":true,"href":"https:\/\/kltaudit.sk\/en\/wp-json\/wp\/v2\/comments?post=86"}],"version-history":[{"count":48,"href":"https:\/\/kltaudit.sk\/en\/wp-json\/wp\/v2\/pages\/86\/revisions"}],"predecessor-version":[{"id":7957,"href":"https:\/\/kltaudit.sk\/en\/wp-json\/wp\/v2\/pages\/86\/revisions\/7957"}],"wp:attachment":[{"href":"https:\/\/kltaudit.sk\/en\/wp-json\/wp\/v2\/media?parent=86"}],"curies":[{"name":"wp","href":"https:\/\/api.w.org\/{rel}","templated":true}]}}