{"id":98,"date":"2015-06-17T15:00:01","date_gmt":"2015-06-17T15:00:01","guid":{"rendered":"http:\/\/kltaudit.sk\/?page_id=98"},"modified":"2015-12-11T18:30:12","modified_gmt":"2015-12-11T18:30:12","slug":"danove-poradenstvo","status":"publish","type":"page","link":"https:\/\/kltaudit.sk\/en\/danove-poradenstvo\/","title":{"rendered":"Tax consulting"},"content":{"rendered":"<p><\/p>\n<h2><strong>Tax consulting<\/strong><\/h2>\n<p>&nbsp;<\/p>\n<ul>\n<li>Processing of tax returns,<\/li>\n<li>Expert consultation on all kinds of taxes,<\/li>\n<li>Tax planning and optimization of taxation,<\/li>\n<li>Transfer pricing including the preparation of documentation,<\/li>\n<li>Comprehensive tax consulting in relation to international taxation,<\/li>\n<li>Representation in tax proceedings,<\/li>\n<li>Elaborating the assessment appraising the tax aspects of important economic operations,<\/li>\n<li>Consulting services in business restructuring and transformations aimed at identifying tax risks, management of processes, implementation of accounting and control systems,<\/li>\n<li>Providing information regarding current changes in tax regulation.<\/li>\n<\/ul>\n<p><\/p>","protected":false},"excerpt":{"rendered":"<p>Tax consulting &nbsp; Processing of tax returns, Expert consultation on all kinds of taxes, Tax planning and optimization of taxation, Transfer pricing including the preparation of documentation, Comprehensive tax consulting in relation to international taxation, Representation in tax proceedings, Elaborating the assessment appraising the tax aspects of important economic operations, Consulting services in business restructuring [&hellip;]<\/p>\n","protected":false},"author":1,"featured_media":0,"parent":0,"menu_order":0,"comment_status":"open","ping_status":"open","template":"","meta":[],"yoast_head":"<!-- This site is optimized with the Yoast SEO plugin v14.9 - https:\/\/yoast.com\/wordpress\/plugins\/seo\/ -->\n<title>Da\u0148ov\u00e9 poradenstvo<\/title>\n<meta name=\"description\" content=\"spracovanie da\u0148ov\u00fdch priznan\u00ed, odborn\u00e9 konzult\u00e1cie ku v\u0161etk\u00fdm druhom dan\u00ed, ...\" \/>\n<meta name=\"robots\" content=\"index, follow, max-snippet:-1, max-image-preview:large, max-video-preview:-1\" \/>\n<link rel=\"canonical\" href=\"https:\/\/kltaudit.sk\/en\/danove-poradenstvo\/\" \/>\n<meta property=\"og:locale\" content=\"en_US\" \/>\n<meta property=\"og:type\" content=\"article\" \/>\n<meta property=\"og:title\" content=\"Da\u0148ov\u00e9 poradenstvo\" \/>\n<meta property=\"og:description\" content=\"spracovanie da\u0148ov\u00fdch priznan\u00ed, odborn\u00e9 konzult\u00e1cie ku v\u0161etk\u00fdm druhom dan\u00ed, ...\" \/>\n<meta property=\"og:url\" content=\"https:\/\/kltaudit.sk\/en\/danove-poradenstvo\/\" \/>\n<meta property=\"og:site_name\" content=\"KLT AUDIT, spol. s r. o.\" \/>\n<meta property=\"article:publisher\" content=\"https:\/\/www.facebook.com\/KLTAUDIT\/\" \/>\n<meta property=\"article:modified_time\" content=\"2015-12-11T18:30:12+00:00\" \/>\n<meta property=\"fb:app_id\" content=\"927372147335844\" \/>\n<meta name=\"twitter:card\" content=\"summary\" \/>\n<script type=\"application\/ld+json\" class=\"yoast-schema-graph\">{\"@context\":\"https:\/\/schema.org\",\"@graph\":[{\"@type\":\"Organization\",\"@id\":\"https:\/\/kltaudit.sk\/en\/#organization\",\"name\":\"KLT AUDIT, spol. s r. o.\",\"url\":\"https:\/\/kltaudit.sk\/en\/\",\"sameAs\":[\"https:\/\/www.facebook.com\/KLTAUDIT\/\",\"https:\/\/www.linkedin.com\/company\/klt-audit-spol--s-r--o-\"],\"logo\":{\"@type\":\"ImageObject\",\"@id\":\"https:\/\/kltaudit.sk\/en\/#logo\",\"inLanguage\":\"en-US\",\"url\":\"https:\/\/kltaudit.sk\/wp-content\/uploads\/2015\/12\/logo.png\",\"width\":221,\"height\":32,\"caption\":\"KLT AUDIT, spol. s r. o.\"},\"image\":{\"@id\":\"https:\/\/kltaudit.sk\/en\/#logo\"}},{\"@type\":\"WebSite\",\"@id\":\"https:\/\/kltaudit.sk\/en\/#website\",\"url\":\"https:\/\/kltaudit.sk\/en\/\",\"name\":\"KLT AUDIT, spol. s r. o.\",\"description\":\"Najd\\u00f4le\\u017eitej\\u0161ia je kvalita a \\u00faspora V\\u00e1\\u0161ho \\u010dasu!\",\"publisher\":{\"@id\":\"https:\/\/kltaudit.sk\/en\/#organization\"},\"potentialAction\":[{\"@type\":\"SearchAction\",\"target\":\"https:\/\/kltaudit.sk\/en\/?s={search_term_string}\",\"query-input\":\"required name=search_term_string\"}],\"inLanguage\":\"en-US\"},{\"@type\":\"WebPage\",\"@id\":\"https:\/\/kltaudit.sk\/en\/danove-poradenstvo\/#webpage\",\"url\":\"https:\/\/kltaudit.sk\/en\/danove-poradenstvo\/\",\"name\":\"Da\\u0148ov\\u00e9 poradenstvo\",\"isPartOf\":{\"@id\":\"https:\/\/kltaudit.sk\/en\/#website\"},\"datePublished\":\"2015-06-17T15:00:01+00:00\",\"dateModified\":\"2015-12-11T18:30:12+00:00\",\"description\":\"spracovanie da\\u0148ov\\u00fdch priznan\\u00ed, odborn\\u00e9 konzult\\u00e1cie ku v\\u0161etk\\u00fdm druhom dan\\u00ed, ...\",\"inLanguage\":\"en-US\",\"potentialAction\":[{\"@type\":\"ReadAction\",\"target\":[\"https:\/\/kltaudit.sk\/en\/danove-poradenstvo\/\"]}]}]}<\/script>\n<!-- \/ Yoast SEO plugin. -->","_links":{"self":[{"href":"https:\/\/kltaudit.sk\/en\/wp-json\/wp\/v2\/pages\/98"}],"collection":[{"href":"https:\/\/kltaudit.sk\/en\/wp-json\/wp\/v2\/pages"}],"about":[{"href":"https:\/\/kltaudit.sk\/en\/wp-json\/wp\/v2\/types\/page"}],"author":[{"embeddable":true,"href":"https:\/\/kltaudit.sk\/en\/wp-json\/wp\/v2\/users\/1"}],"replies":[{"embeddable":true,"href":"https:\/\/kltaudit.sk\/en\/wp-json\/wp\/v2\/comments?post=98"}],"version-history":[{"count":10,"href":"https:\/\/kltaudit.sk\/en\/wp-json\/wp\/v2\/pages\/98\/revisions"}],"predecessor-version":[{"id":7546,"href":"https:\/\/kltaudit.sk\/en\/wp-json\/wp\/v2\/pages\/98\/revisions\/7546"}],"wp:attachment":[{"href":"https:\/\/kltaudit.sk\/en\/wp-json\/wp\/v2\/media?parent=98"}],"curies":[{"name":"wp","href":"https:\/\/api.w.org\/{rel}","templated":true}]}}